{"id":29470,"date":"2026-03-13T10:12:37","date_gmt":"2026-03-13T09:12:37","guid":{"rendered":"https:\/\/www.tenutaelisabetta.it\/?page_id=29470"},"modified":"2026-03-30T11:39:42","modified_gmt":"2026-03-30T09:39:42","slug":"enoteca-e-degustazioni","status":"publish","type":"page","link":"https:\/\/www.tenutaelisabetta.it\/de\/enoteca-e-degustazioni\/","title":{"rendered":"enoteca"},"content":{"rendered":"<div data-elementor-type=\"wp-page\" data-elementor-id=\"29470\" class=\"elementor elementor-29470\">\n\t\t\t\t<div class=\"elementor-element elementor-element-506e6dbc e-con-full e-flex e-con e-parent\" data-id=\"506e6dbc\" data-element_type=\"container\" data-e-type=\"container\" data-settings=\"{&quot;background_background&quot;:&quot;classic&quot;}\">\n\t\t\t\t<div class=\"elementor-element elementor-element-68da7b1a elementor-widget elementor-widget-heading\" data-id=\"68da7b1a\" data-element_type=\"widget\" data-e-type=\"widget\" data-widget_type=\"heading.default\">\n\t\t\t\t\t<h1 class=\"elementor-heading-title elementor-size-default\">Vinothek und Weinverkostungen<\/h1>\t\t\t\t<\/div>\n\t\t\t\t<div class=\"elementor-element elementor-element-395410d1 elementor-widget elementor-widget-text-editor\" data-id=\"395410d1\" data-element_type=\"widget\" data-e-type=\"widget\" data-widget_type=\"text-editor.default\">\n\t\t\t\t\t\t\t\t\t<p>Eine Sinnesreise durch die Welt unserer Weine und Grappas.<\/p>\t\t\t\t\t\t\t\t<\/div>\n\t\t\t\t<div class=\"elementor-element elementor-element-70fbdd4a elementor-widget elementor-widget-text-editor\" data-id=\"70fbdd4a\" data-element_type=\"widget\" data-e-type=\"widget\" data-widget_type=\"text-editor.default\">\n\t\t\t\t\t\t\t\t\t<a style=\"color: #ffffff; text-decoration: none;\" href=\"https:\/\/www.tenutaelisabetta.it\/de\/\">HOME<\/a> <span style=\"color: #ffffff;\">\/<\/span> <span style=\"color: #997f58;\" aria-current=\"page\">VINOTHEK<\/span>\n\t\t\t\t\t\t\t\t<\/div>\n\t\t\t\t<\/div>\n\t\t<div class=\"elementor-element elementor-element-1ec3f48 e-flex e-con-boxed e-con e-parent\" data-id=\"1ec3f48\" data-element_type=\"container\" data-e-type=\"container\">\n\t\t\t\t\t<div class=\"e-con-inner\">\n\t\t<div class=\"elementor-element elementor-element-0f5f64b e-con-full e-flex e-con e-child\" data-id=\"0f5f64b\" data-element_type=\"container\" data-e-type=\"container\">\n\t\t\t\t<div class=\"elementor-element elementor-element-1b00be6 elementor-widget__width-initial elementor-widget elementor-widget-uipro-uiimageparallax\" data-id=\"1b00be6\" data-element_type=\"widget\" data-e-type=\"widget\" data-widget_type=\"uipro-uiimageparallax.default\">\n\t\t\t\t<div class=\"elementor-widget-container\">\n\t\t\t\t\t<div class=\"templaza-parallax templaza-widget-uiimageparallax template-base\"><div class=\"\" >\r\n    <div class=\"uiimage-parallax-wrap\">\r\n        <div class=\"uiimage-parallax\">\r\n            <div class=\"uiimage-parallax-media\">\r\n                <a class=\"uk-position-cover\" href=\"https:\/\/www.tenutaelisabetta.it\/wp-content\/uploads\/2026\/03\/deustazioni-vini-enoteca-tenuta-elisabetta.webp\" data-elementor-open-lightbox=\"yes\" data-elementor-lightbox-slideshow=\"uiimageparallax\" data-elementor-lightbox-title=\"degustazione di vini nell&#039;enoteca della tenuta elisabetta\" >\r\n                    <img decoding=\"async\" class=\"uiimage_image\" src=\"https:\/\/www.tenutaelisabetta.it\/wp-content\/uploads\/2026\/03\/deustazioni-vini-enoteca-tenuta-elisabetta.webp\" alt=\"degustazione di vini nell&#039;enoteca della tenuta elisabetta\">\r\n                <\/a>\r\n            <\/div>\r\n                    <\/div>\r\n    <\/div>\r\n\r\n<\/div>\r\n<\/div>\t\t\t\t<\/div>\n\t\t\t\t<\/div>\n\t\t<div class=\"elementor-element elementor-element-434a5d9 e-con-full elementor-hidden-tablet_extra elementor-hidden-tablet elementor-hidden-mobile e-flex e-con e-child\" data-id=\"434a5d9\" data-element_type=\"container\" data-e-type=\"container\" data-settings=\"{&quot;background_background&quot;:&quot;classic&quot;,&quot;position&quot;:&quot;absolute&quot;}\">\n\t\t\t\t<\/div>\n\t\t\t\t<\/div>\n\t\t<div class=\"elementor-element elementor-element-157193e e-con-full e-flex e-con e-child\" data-id=\"157193e\" data-element_type=\"container\" data-e-type=\"container\">\n\t\t\t\t<div class=\"elementor-element elementor-element-10ebba8 elementor-widget__width-inherit elementor-widget elementor-widget-uipro-heading\" data-id=\"10ebba8\" data-element_type=\"widget\" data-e-type=\"widget\" data-widget_type=\"uipro-heading.default\">\n\t\t\t\t<div class=\"elementor-widget-container\">\n\t\t\t\t\t<div class=\"templaza-parallax templaza-widget-heading template-base\">    <div data-scroll class=\"sc_heading uk-flex uk-flex-column uk-position-relative left\"><span class=\"sub-heading uk-flex uk-flex-inline uk-flex-middle\"><span class=\"sub-heading-content\">DER SALON DES GESCHMACKS<\/span><\/span><h2 class=\"title uk-h3 uk-margin-custom\"><span class=\"heading-highlighted-wrapper\"><span class=\"heading-plain-text\">Wo der Wein Geschichten erz\u00e4hlt.<\/span><\/span><\/h2><\/div><\/div>\t\t\t\t<\/div>\n\t\t\t\t<\/div>\n\t\t\t\t<div class=\"elementor-element elementor-element-bc0cfdb elementor-widget__width-inherit elementor-invisible elementor-widget elementor-widget-text-editor\" data-id=\"bc0cfdb\" data-element_type=\"widget\" data-e-type=\"widget\" data-settings=\"{&quot;_animation&quot;:&quot;fadeInUp&quot;,&quot;_animation_delay&quot;:50}\" data-widget_type=\"text-editor.default\">\n\t\t\t\t\t\t\t\t\t<p>Unsere Vinothek ist nicht nur eine Boutique, um die Fr\u00fcchte unserer Arbeit zu erwerben, sondern ein wahrer Ort der Geselligkeit. Hier, inmitten der Eleganz der Weinregale, der W\u00e4rme des Holzes und einer intimen, entspannenden Atmosph\u00e4re, hei\u00dfen wir Sie willkommen, um die authentische Essenz der Tenuta Elisabetta zu erleben.<\/p><p>Jedes Glas, das wir einschenken, ist eine intensive Reise in die Geschmackswelt der Maremma \u2013 die Frucht geduldiger Arbeit, die zwischen den Rebzeilen beginnt und im magischen Moment der Verkostung ihren H\u00f6hepunkt findet. Ob Sie erfahrener Kenner oder einfach nur Weinliebhaber sind, wir begleiten Sie auf einem Erlebnis des Austauschs und der Entdeckung.<\/p><p>Wir weihen Sie in die Geschichte und die Geheimnisse unserer Etiketten ein und begleiten unsere Weine und handwerklichen Grappas mit einer sorgf\u00e4ltigen Auswahl typischer regionaler Produkte, wie heimischen Wurst- und K\u00e4sespezialit\u00e4ten. Ein Triumph der D\u00fcfte und Aromen, der eine einfache Verkostung in einen unvergesslichen Moment puren Genusses verwandelt.<\/p>\t\t\t\t\t\t\t\t<\/div>\n\t\t\t\t<\/div>\n\t\t\t\t\t<\/div>\n\t\t\t\t<\/div>\n\t\t<div class=\"elementor-element elementor-element-67f626c e-flex e-con-boxed e-con e-parent\" data-id=\"67f626c\" data-element_type=\"container\" data-e-type=\"container\">\n\t\t\t\t\t<div class=\"e-con-inner\">\n\t\t\t\t<div class=\"elementor-element elementor-element-055f738 elementor-widget__width-initial elementor-widget elementor-widget-uipro-heading\" data-id=\"055f738\" data-element_type=\"widget\" data-e-type=\"widget\" data-widget_type=\"uipro-heading.default\">\n\t\t\t\t<div class=\"elementor-widget-container\">\n\t\t\t\t\t<div class=\"templaza-parallax templaza-widget-heading template-base\">    <div data-scroll class=\"sc_heading uk-flex uk-flex-column uk-position-relative center\"><span class=\"sub-heading uk-flex uk-flex-inline uk-flex-middle\"><span class=\"sub-heading-content\">DAS WEINGUT ERLEBEN<\/span><\/span><h2 class=\"title uk-h3 uk-margin-custom\"><span class=\"heading-highlighted-wrapper\"><span class=\"heading-plain-text\">Die Geschmackswelt des Landguts<\/span><\/span><\/h2><\/div><\/div>\t\t\t\t<\/div>\n\t\t\t\t<\/div>\n\t\t\t\t<div class=\"elementor-element elementor-element-4f92eea elementor-widget__width-initial elementor-invisible elementor-widget elementor-widget-text-editor\" data-id=\"4f92eea\" data-element_type=\"widget\" data-e-type=\"widget\" data-settings=\"{&quot;_animation&quot;:&quot;fadeInUp&quot;,&quot;_animation_delay&quot;:50}\" data-widget_type=\"text-editor.default\">\n\t\t\t\t\t\t\t\t\t<p>W\u00e4hlen Sie den f\u00fcr Sie sch\u00f6nsten Weg, um die Essenz der Toskana mit nach Hause zu nehmen. Erleben Sie eine Sinnesreise bei unseren gef\u00fchrten Verkostungen oder besuchen Sie unsere Vinothek, um die authentischsten Produkte unserer Region zu erwerben.<\/p>\t\t\t\t\t\t\t\t<\/div>\n\t\t\t\t\t<\/div>\n\t\t\t\t<\/div>\n\t\t<div class=\"elementor-element elementor-element-ffd3df3 e-flex e-con-boxed e-con e-parent\" data-id=\"ffd3df3\" data-element_type=\"container\" data-e-type=\"container\">\n\t\t\t\t\t<div class=\"e-con-inner\">\n\t\t<div class=\"elementor-element elementor-element-7b90446 e-con-full e-flex e-con e-child\" data-id=\"7b90446\" data-element_type=\"container\" data-e-type=\"container\" data-settings=\"{&quot;background_background&quot;:&quot;classic&quot;}\">\n\t\t<div class=\"elementor-element elementor-element-36f6545 e-con-full e-flex e-con e-child\" data-id=\"36f6545\" data-element_type=\"container\" data-e-type=\"container\">\n\t\t\t\t<div class=\"elementor-element elementor-element-98e9c2f elementor-widget elementor-widget-heading\" data-id=\"98e9c2f\" data-element_type=\"widget\" data-e-type=\"widget\" data-widget_type=\"heading.default\">\n\t\t\t\t\t<h3 class=\"elementor-heading-title elementor-size-default\">Gef\u00fchrte Verkostungen<\/h3>\t\t\t\t<\/div>\n\t\t\t\t<div class=\"elementor-element elementor-element-b87f8c2 elementor-widget elementor-widget-text-editor\" data-id=\"b87f8c2\" data-element_type=\"widget\" data-e-type=\"widget\" data-widget_type=\"text-editor.default\">\n\t\t\t\t\t\t\t\t\t<p>Eine Sinnesreise zur Entdeckung unserer besten Etiketten. Gef\u00fchrt von den Erz\u00e4hlungen der Menschen, die den Wein herstellen, lernen Sie, die D\u00fcfte der Maremma zu erkennen, begleitet von kleinen Kostproben lokaler Spezialit\u00e4ten.<\/p>\t\t\t\t\t\t\t\t<\/div>\n\t\t\t\t<\/div>\n\t\t\t\t<\/div>\n\t\t<div class=\"elementor-element elementor-element-d2d7919 e-con-full e-flex e-con e-child\" data-id=\"d2d7919\" data-element_type=\"container\" data-e-type=\"container\" data-settings=\"{&quot;background_background&quot;:&quot;classic&quot;}\">\n\t\t<div class=\"elementor-element elementor-element-5ac09b1 e-con-full e-flex e-con e-child\" data-id=\"5ac09b1\" data-element_type=\"container\" data-e-type=\"container\">\n\t\t\t\t<div class=\"elementor-element elementor-element-4f74579 elementor-widget elementor-widget-heading\" data-id=\"4f74579\" data-element_type=\"widget\" data-e-type=\"widget\" data-widget_type=\"heading.default\">\n\t\t\t\t\t<h3 class=\"elementor-heading-title elementor-size-default\"><a href=\"https:\/\/www.tenutaelisabetta.it\/de\/cantina\/\">Unser Shop<\/a><\/h3>\t\t\t\t<\/div>\n\t\t\t\t<div class=\"elementor-element elementor-element-e61c59d elementor-widget elementor-widget-text-editor\" data-id=\"e61c59d\" data-element_type=\"widget\" data-e-type=\"widget\" data-widget_type=\"text-editor.default\">\n\t\t\t\t\t\t\t\t\t<p>Der perfekte Ort, um ein St\u00fcck Maremma mit nach Hause zu nehmen. Entdecken und erwerben Sie unsere erlesenen Weine, das native Oliven\u00f6l extra und die Spezialit\u00e4ten des Landguts Elisabetta. Das ideale Andenken an Ihren Urlaub.<\/p>\t\t\t\t\t\t\t\t<\/div>\n\t\t\t\t<\/div>\n\t\t\t\t<\/div>\n\t\t\t\t\t<\/div>\n\t\t\t\t<\/div>\n\t\t<div class=\"elementor-element elementor-element-c274bde e-flex e-con-boxed e-con e-parent\" data-id=\"c274bde\" data-element_type=\"container\" data-e-type=\"container\">\n\t\t\t\t\t<div class=\"e-con-inner\">\n\t\t\t\t<div class=\"elementor-element elementor-element-edb38bb elementor-widget__width-initial elementor-widget elementor-widget-uipro-heading\" data-id=\"edb38bb\" data-element_type=\"widget\" data-e-type=\"widget\" data-widget_type=\"uipro-heading.default\">\n\t\t\t\t<div class=\"elementor-widget-container\">\n\t\t\t\t\t<div class=\"templaza-parallax templaza-widget-heading template-base\">    <div data-scroll class=\"sc_heading uk-flex uk-flex-column uk-position-relative center\"><span class=\"sub-heading uk-flex uk-flex-inline uk-flex-middle\"><span class=\"sub-heading-content\">IHR ERLEBNIS BUCHEN<\/span><\/span><h2 class=\"title uk-h3 uk-margin-custom\"><span class=\"heading-highlighted-wrapper\"><span class=\"heading-plain-text\">Sind Sie bereit, mit uns anzusto\u00dfen?<\/span><\/span><\/h2><\/div><\/div>\t\t\t\t<\/div>\n\t\t\t\t<\/div>\n\t\t\t\t<div class=\"elementor-element elementor-element-11d0f82 elementor-widget__width-initial elementor-invisible elementor-widget elementor-widget-text-editor\" data-id=\"11d0f82\" data-element_type=\"widget\" data-e-type=\"widget\" data-settings=\"{&quot;_animation&quot;:&quot;fadeInUp&quot;,&quot;_animation_delay&quot;:50}\" data-widget_type=\"text-editor.default\">\n\t\t\t\t\t\t\t\t\t<p>Kontaktieren Sie uns, um die Verf\u00fcgbarkeit zu pr\u00fcfen, Ihre gef\u00fchrte Verkostung zu buchen oder einen unvergesslichen Aperitif in unserer Vinothek zu organisieren.<\/p>\t\t\t\t\t\t\t\t<\/div>\n\t\t\t\t<div class=\"elementor-element elementor-element-b975542 elementor-align-center elementor-widget elementor-widget-button\" data-id=\"b975542\" data-element_type=\"widget\" data-e-type=\"widget\" data-widget_type=\"button.default\">\n\t\t\t\t\t\t\t\t\t\t<a class=\"elementor-button elementor-button-link elementor-size-sm\" href=\"https:\/\/www.tenutaelisabetta.it\/de\/contatti-e-prenotazioni\/\">\n\t\t\t\t\t\t<span class=\"elementor-button-content-wrapper\">\n\t\t\t\t\t\t\t\t\t<span class=\"elementor-button-text\">VERF\u00dcGBARKEIT jetzt ANFRAGEN<\/span>\n\t\t\t\t\t<\/span>\n\t\t\t\t\t<\/a>\n\t\t\t\t\t\t\t\t<\/div>\n\t\t\t\t\t<\/div>\n\t\t\t\t<\/div>\n\t\t\t\t<\/div>","protected":false},"excerpt":{"rendered":"<p>Enoteca e Degustazioni Vini Un viaggio sensoriale tra i nostri vini e le nostre grappe. HOME \/ ENOTECA IL SALOTTO DEL GUSTO Dove il vino diventa racconto. La nostra Enoteca non \u00e8 solo una boutique dove acquistare i frutti del nostro lavoro, ma un vero e proprio spazio dedicato alla convivialit\u00e0. Qui, tra l\u2019eleganza delle&hellip; <a class=\"more-link\" href=\"https:\/\/www.tenutaelisabetta.it\/de\/enoteca-e-degustazioni\/\">Continue reading <span class=\"screen-reader-text\">enoteca<\/span><\/a><\/p>","protected":false},"author":1,"featured_media":29475,"parent":0,"menu_order":0,"comment_status":"closed","ping_status":"closed","template":"","meta":{"footnotes":""},"class_list":["post-29470","page","type-page","status-publish","has-post-thumbnail","hentry","layout-4","product-add-to-cart-ajax"],"yoast_head":"<!-- This site is optimized with the Yoast SEO plugin v27.2 - https:\/\/yoast.com\/product\/yoast-seo-wordpress\/ -->\n<title>Enoteca e Degustazioni Vini in Toscana | Tenuta Elisabetta<\/title>\n<meta name=\"description\" content=\"Scopri l&#039;Enoteca dell&#039;Azienda Agricola Elisabetta in Toscana. Degustazioni guidate di vini pregiati e aperitivi con prodotti tipici. Prenota l&#039;esperienza!\" \/>\n<meta name=\"robots\" content=\"index, follow, max-snippet:-1, max-image-preview:large, max-video-preview:-1\" \/>\n<link rel=\"canonical\" href=\"https:\/\/www.tenutaelisabetta.it\/de\/enoteca-e-degustazioni\/\" \/>\n<meta property=\"og:locale\" content=\"de_DE\" \/>\n<meta property=\"og:type\" content=\"article\" \/>\n<meta property=\"og:title\" content=\"Enoteca e Degustazioni Vini in Toscana | Tenuta Elisabetta\" \/>\n<meta property=\"og:description\" content=\"Scopri l&#039;Enoteca dell&#039;Azienda Agricola Elisabetta in Toscana. Degustazioni guidate di vini pregiati e aperitivi con prodotti tipici. Prenota l&#039;esperienza!\" \/>\n<meta property=\"og:url\" content=\"https:\/\/www.tenutaelisabetta.it\/de\/enoteca-e-degustazioni\/\" \/>\n<meta property=\"og:site_name\" content=\"Tenuta Elisabetta\" \/>\n<meta property=\"article:publisher\" content=\"https:\/\/www.facebook.com\/agrihotelelisabetta\/\" \/>\n<meta property=\"article:modified_time\" content=\"2026-03-30T09:39:42+00:00\" \/>\n<meta property=\"og:image\" content=\"https:\/\/www.tenutaelisabetta.it\/wp-content\/uploads\/2026\/03\/degustazione-vini-tenuta-elisabetta-maremma-toscana.webp\" \/>\n\t<meta property=\"og:image:width\" content=\"1920\" \/>\n\t<meta property=\"og:image:height\" content=\"1280\" \/>\n\t<meta property=\"og:image:type\" content=\"image\/webp\" \/>\n<meta name=\"twitter:card\" content=\"summary_large_image\" \/>\n<meta name=\"twitter:label1\" content=\"Gesch\u00e4tzte Lesezeit\" \/>\n\t<meta name=\"twitter:data1\" content=\"1\u00a0Minute\" \/>\n<script type=\"application\/ld+json\" class=\"yoast-schema-graph\">{\"@context\":\"https:\/\/schema.org\",\"@graph\":[{\"@type\":\"WebPage\",\"@id\":\"https:\/\/www.tenutaelisabetta.it\/enoteca-e-degustazioni\/\",\"url\":\"https:\/\/www.tenutaelisabetta.it\/enoteca-e-degustazioni\/\",\"name\":\"Enoteca e Degustazioni Vini in Toscana | Tenuta Elisabetta\",\"isPartOf\":{\"@id\":\"https:\/\/www.tenutaelisabetta.it\/#website\"},\"primaryImageOfPage\":{\"@id\":\"https:\/\/www.tenutaelisabetta.it\/enoteca-e-degustazioni\/#primaryimage\"},\"image\":{\"@id\":\"https:\/\/www.tenutaelisabetta.it\/enoteca-e-degustazioni\/#primaryimage\"},\"thumbnailUrl\":\"https:\/\/www.tenutaelisabetta.it\/wp-content\/uploads\/2026\/03\/degustazione-vini-tenuta-elisabetta-maremma-toscana.webp\",\"datePublished\":\"2026-03-13T09:12:37+00:00\",\"dateModified\":\"2026-03-30T09:39:42+00:00\",\"description\":\"Scopri l'Enoteca dell'Azienda Agricola Elisabetta in Toscana. Degustazioni guidate di vini pregiati e aperitivi con prodotti tipici. Prenota l'esperienza!\",\"breadcrumb\":{\"@id\":\"https:\/\/www.tenutaelisabetta.it\/enoteca-e-degustazioni\/#breadcrumb\"},\"inLanguage\":\"de\",\"potentialAction\":[{\"@type\":\"ReadAction\",\"target\":[\"https:\/\/www.tenutaelisabetta.it\/enoteca-e-degustazioni\/\"]}]},{\"@type\":\"ImageObject\",\"inLanguage\":\"de\",\"@id\":\"https:\/\/www.tenutaelisabetta.it\/enoteca-e-degustazioni\/#primaryimage\",\"url\":\"https:\/\/www.tenutaelisabetta.it\/wp-content\/uploads\/2026\/03\/degustazione-vini-tenuta-elisabetta-maremma-toscana.webp\",\"contentUrl\":\"https:\/\/www.tenutaelisabetta.it\/wp-content\/uploads\/2026\/03\/degustazione-vini-tenuta-elisabetta-maremma-toscana.webp\",\"width\":1920,\"height\":1280,\"caption\":\"degustazione vini nell'enoteca della tenuta elisabetta\"},{\"@type\":\"BreadcrumbList\",\"@id\":\"https:\/\/www.tenutaelisabetta.it\/enoteca-e-degustazioni\/#breadcrumb\",\"itemListElement\":[{\"@type\":\"ListItem\",\"position\":1,\"name\":\"Home\",\"item\":\"https:\/\/www.tenutaelisabetta.it\/\"},{\"@type\":\"ListItem\",\"position\":2,\"name\":\"enoteca\"}]},{\"@type\":\"WebSite\",\"@id\":\"https:\/\/www.tenutaelisabetta.it\/#website\",\"url\":\"https:\/\/www.tenutaelisabetta.it\/\",\"name\":\"Tenuta Elisabetta\",\"description\":\"Agrihotel, Spa, Wellness Resort\",\"publisher\":{\"@id\":\"https:\/\/www.tenutaelisabetta.it\/#organization\"},\"potentialAction\":[{\"@type\":\"SearchAction\",\"target\":{\"@type\":\"EntryPoint\",\"urlTemplate\":\"https:\/\/www.tenutaelisabetta.it\/?s={search_term_string}\"},\"query-input\":{\"@type\":\"PropertyValueSpecification\",\"valueRequired\":true,\"valueName\":\"search_term_string\"}}],\"inLanguage\":\"de\"},{\"@type\":\"Organization\",\"@id\":\"https:\/\/www.tenutaelisabetta.it\/#organization\",\"name\":\"Tenuta Elisabetta\",\"url\":\"https:\/\/www.tenutaelisabetta.it\/\",\"logo\":{\"@type\":\"ImageObject\",\"inLanguage\":\"de\",\"@id\":\"https:\/\/www.tenutaelisabetta.it\/#\/schema\/logo\/image\/\",\"url\":\"https:\/\/www.tenutaelisabetta.it\/wp-content\/uploads\/2025\/07\/Tenuta-Elisabetta-logo.svg\",\"contentUrl\":\"https:\/\/www.tenutaelisabetta.it\/wp-content\/uploads\/2025\/07\/Tenuta-Elisabetta-logo.svg\",\"width\":419,\"height\":188,\"caption\":\"Tenuta Elisabetta\"},\"image\":{\"@id\":\"https:\/\/www.tenutaelisabetta.it\/#\/schema\/logo\/image\/\"},\"sameAs\":[\"https:\/\/www.facebook.com\/agrihotelelisabetta\/\",\"https:\/\/www.instagram.com\/agrihotelelisabetta\/\"]}]}<\/script>\n<!-- \/ Yoast SEO plugin. -->","yoast_head_json":{"title":"Enoteca e Degustazioni Vini in Toscana | Tenuta Elisabetta","description":"Scopri l'Enoteca dell'Azienda Agricola Elisabetta in Toscana. Degustazioni guidate di vini pregiati e aperitivi con prodotti tipici. Prenota l'esperienza!","robots":{"index":"index","follow":"follow","max-snippet":"max-snippet:-1","max-image-preview":"max-image-preview:large","max-video-preview":"max-video-preview:-1"},"canonical":"https:\/\/www.tenutaelisabetta.it\/de\/enoteca-e-degustazioni\/","og_locale":"de_DE","og_type":"article","og_title":"Enoteca e Degustazioni Vini in Toscana | Tenuta Elisabetta","og_description":"Scopri l'Enoteca dell'Azienda Agricola Elisabetta in Toscana. Degustazioni guidate di vini pregiati e aperitivi con prodotti tipici. Prenota l'esperienza!","og_url":"https:\/\/www.tenutaelisabetta.it\/de\/enoteca-e-degustazioni\/","og_site_name":"Tenuta Elisabetta","article_publisher":"https:\/\/www.facebook.com\/agrihotelelisabetta\/","article_modified_time":"2026-03-30T09:39:42+00:00","og_image":[{"width":1920,"height":1280,"url":"https:\/\/www.tenutaelisabetta.it\/wp-content\/uploads\/2026\/03\/degustazione-vini-tenuta-elisabetta-maremma-toscana.webp","type":"image\/webp"}],"twitter_card":"summary_large_image","twitter_misc":{"Gesch\u00e4tzte Lesezeit":"1\u00a0Minute"},"schema":{"@context":"https:\/\/schema.org","@graph":[{"@type":"WebPage","@id":"https:\/\/www.tenutaelisabetta.it\/enoteca-e-degustazioni\/","url":"https:\/\/www.tenutaelisabetta.it\/enoteca-e-degustazioni\/","name":"Enoteca e Degustazioni Vini in Toscana | Tenuta Elisabetta","isPartOf":{"@id":"https:\/\/www.tenutaelisabetta.it\/#website"},"primaryImageOfPage":{"@id":"https:\/\/www.tenutaelisabetta.it\/enoteca-e-degustazioni\/#primaryimage"},"image":{"@id":"https:\/\/www.tenutaelisabetta.it\/enoteca-e-degustazioni\/#primaryimage"},"thumbnailUrl":"https:\/\/www.tenutaelisabetta.it\/wp-content\/uploads\/2026\/03\/degustazione-vini-tenuta-elisabetta-maremma-toscana.webp","datePublished":"2026-03-13T09:12:37+00:00","dateModified":"2026-03-30T09:39:42+00:00","description":"Scopri l'Enoteca dell'Azienda Agricola Elisabetta in Toscana. Degustazioni guidate di vini pregiati e aperitivi con prodotti tipici. Prenota l'esperienza!","breadcrumb":{"@id":"https:\/\/www.tenutaelisabetta.it\/enoteca-e-degustazioni\/#breadcrumb"},"inLanguage":"de","potentialAction":[{"@type":"ReadAction","target":["https:\/\/www.tenutaelisabetta.it\/enoteca-e-degustazioni\/"]}]},{"@type":"ImageObject","inLanguage":"de","@id":"https:\/\/www.tenutaelisabetta.it\/enoteca-e-degustazioni\/#primaryimage","url":"https:\/\/www.tenutaelisabetta.it\/wp-content\/uploads\/2026\/03\/degustazione-vini-tenuta-elisabetta-maremma-toscana.webp","contentUrl":"https:\/\/www.tenutaelisabetta.it\/wp-content\/uploads\/2026\/03\/degustazione-vini-tenuta-elisabetta-maremma-toscana.webp","width":1920,"height":1280,"caption":"degustazione vini nell'enoteca della tenuta elisabetta"},{"@type":"BreadcrumbList","@id":"https:\/\/www.tenutaelisabetta.it\/enoteca-e-degustazioni\/#breadcrumb","itemListElement":[{"@type":"ListItem","position":1,"name":"Home","item":"https:\/\/www.tenutaelisabetta.it\/"},{"@type":"ListItem","position":2,"name":"enoteca"}]},{"@type":"WebSite","@id":"https:\/\/www.tenutaelisabetta.it\/#website","url":"https:\/\/www.tenutaelisabetta.it\/","name":"Tenuta Elisabetta","description":"Agrihotel, Spa, Wellness Resort","publisher":{"@id":"https:\/\/www.tenutaelisabetta.it\/#organization"},"potentialAction":[{"@type":"SearchAction","target":{"@type":"EntryPoint","urlTemplate":"https:\/\/www.tenutaelisabetta.it\/?s={search_term_string}"},"query-input":{"@type":"PropertyValueSpecification","valueRequired":true,"valueName":"search_term_string"}}],"inLanguage":"de"},{"@type":"Organization","@id":"https:\/\/www.tenutaelisabetta.it\/#organization","name":"Tenuta Elisabetta","url":"https:\/\/www.tenutaelisabetta.it\/","logo":{"@type":"ImageObject","inLanguage":"de","@id":"https:\/\/www.tenutaelisabetta.it\/#\/schema\/logo\/image\/","url":"https:\/\/www.tenutaelisabetta.it\/wp-content\/uploads\/2025\/07\/Tenuta-Elisabetta-logo.svg","contentUrl":"https:\/\/www.tenutaelisabetta.it\/wp-content\/uploads\/2025\/07\/Tenuta-Elisabetta-logo.svg","width":419,"height":188,"caption":"Tenuta Elisabetta"},"image":{"@id":"https:\/\/www.tenutaelisabetta.it\/#\/schema\/logo\/image\/"},"sameAs":["https:\/\/www.facebook.com\/agrihotelelisabetta\/","https:\/\/www.instagram.com\/agrihotelelisabetta\/"]}]}},"_links":{"self":[{"href":"https:\/\/www.tenutaelisabetta.it\/de\/wp-json\/wp\/v2\/pages\/29470","targetHints":{"allow":["GET"]}}],"collection":[{"href":"https:\/\/www.tenutaelisabetta.it\/de\/wp-json\/wp\/v2\/pages"}],"about":[{"href":"https:\/\/www.tenutaelisabetta.it\/de\/wp-json\/wp\/v2\/types\/page"}],"author":[{"embeddable":true,"href":"https:\/\/www.tenutaelisabetta.it\/de\/wp-json\/wp\/v2\/users\/1"}],"replies":[{"embeddable":true,"href":"https:\/\/www.tenutaelisabetta.it\/de\/wp-json\/wp\/v2\/comments?post=29470"}],"version-history":[{"count":28,"href":"https:\/\/www.tenutaelisabetta.it\/de\/wp-json\/wp\/v2\/pages\/29470\/revisions"}],"predecessor-version":[{"id":30324,"href":"https:\/\/www.tenutaelisabetta.it\/de\/wp-json\/wp\/v2\/pages\/29470\/revisions\/30324"}],"wp:featuredmedia":[{"embeddable":true,"href":"https:\/\/www.tenutaelisabetta.it\/de\/wp-json\/wp\/v2\/media\/29475"}],"wp:attachment":[{"href":"https:\/\/www.tenutaelisabetta.it\/de\/wp-json\/wp\/v2\/media?parent=29470"}],"curies":[{"name":"wp","href":"https:\/\/api.w.org\/{rel}","templated":true}]}}