{"id":30270,"date":"2026-03-29T13:51:42","date_gmt":"2026-03-29T11:51:42","guid":{"rendered":"https:\/\/www.tenutaelisabetta.it\/?post_type=product&#038;p=30270"},"modified":"2026-03-31T17:13:28","modified_gmt":"2026-03-31T15:13:28","slug":"aulo-rosso","status":"publish","type":"product","link":"https:\/\/www.tenutaelisabetta.it\/de\/prodotti\/aulo-rosso\/","title":{"rendered":"Aulo Rosso"},"content":{"rendered":"<p data-path-to-node=\"15\"><b data-path-to-node=\"15\" data-index-in-node=\"0\">VERKOSTUNGSNOTIZEN<\/b><\/p>\n<ul data-path-to-node=\"16\">\n<li>\n<p data-path-to-node=\"16,0,0\"><b data-path-to-node=\"16,0,0\" data-index-in-node=\"0\">Farbe:<\/b> Intensives Rubinrot.<\/p>\n<\/li>\n<li>\n<p data-path-to-node=\"16,1,0\"><b data-path-to-node=\"16,1,0\" data-index-in-node=\"0\">Nase:<\/b> Intensive Aromen von Brombeeren und Maulbeeren, ausbalanciert durch elegante Gew\u00fcrznoten und Nuancen von Tabak.<\/p>\n<\/li>\n<li>\n<p data-path-to-node=\"16,2,0\"><b data-path-to-node=\"16,2,0\" data-index-in-node=\"0\">Gaumen:<\/b> Einh\u00fcllend und aromatisch, zeigt er sich sehr ausgewogen und \u00e4u\u00dferst angenehm am Gaumen.<\/p>\n<\/li>\n<\/ul>\n<p data-path-to-node=\"17\"><b data-path-to-node=\"17\" data-index-in-node=\"0\">AGRONOMISCHE DATEN<\/b><\/p>\n<ul data-path-to-node=\"18\">\n<li>\n<p data-path-to-node=\"18,0,0\"><b data-path-to-node=\"18,0,0\" data-index-in-node=\"0\">H\u00f6henlage:<\/b> 50 Meter \u00fcber dem Meeresspiegel.<\/p>\n<\/li>\n<li>\n<p data-path-to-node=\"18,1,0\"><b data-path-to-node=\"18,1,0\" data-index-in-node=\"0\">Lesezeit:<\/b> Ab Anfang September mit dem Syrah, gefolgt von den anderen Rebsorten, die jeweils zum Zeitpunkt ihrer vollst\u00e4ndigen phenolischen Reife gelesen werden.<\/p>\n<\/li>\n<\/ul>\n<p data-path-to-node=\"19\"><b data-path-to-node=\"19\" data-index-in-node=\"0\">\u00d6NOLOGISCHE DATEN<\/b><\/p>\n<ul data-path-to-node=\"20\">\n<li>\n<p data-path-to-node=\"20,0,0\"><b data-path-to-node=\"20,0,0\" data-index-in-node=\"0\">Vinifikation: <\/b>Handlese, Entrappen und Einmaischen. Nach der traditionellen Mazeration wird der Wein in gebrauchte Holzf\u00e4sser umgef\u00fcllt, wo die malolaktische G\u00e4rung stattfindet.<\/p>\n<\/li>\n<li>\n<p data-path-to-node=\"20,1,0\"><b data-path-to-node=\"20,1,0\" data-index-in-node=\"0\">Ausbau:<\/b> Nach Abschluss der malolaktischen G\u00e4rung wird er als Cuv\u00e9e zusammengestellt und reift f\u00fcr mindestens 12 Monate in Edelstahltanks. Anschlie\u00dfend verfeinert er sich bis Mai in der Flasche, bevor er in den Verkauf gelangt.<\/p>\n<\/li>\n<\/ul>","protected":false},"excerpt":{"rendered":"<p data-path-to-node=\"11,0,0\">\ud83c\udf47 <b data-path-to-node=\"11,0,0\" data-index-in-node=\"3\">Rebsorte:<\/b> 80% Sangiovese, 10% Syrah, 10% Cabernet Sauvignon und weitere hauseigene Rebsorten.<\/p>\n<p data-path-to-node=\"11,1,0\">\ud83d\udccd <b data-path-to-node=\"11,1,0\" data-index-in-node=\"3\">Anbaugebiet:<\/b> Collemezzano \u2013 Cecina (LI)<\/p>\n<p data-path-to-node=\"11,2,0\">\ud83c\udf77 <b data-path-to-node=\"11,2,0\" data-index-in-node=\"3\">Alkoholgehalt:<\/b> 13,5% vol.<\/p>\n<p data-path-to-node=\"11,3,0\">\ud83c\udf21\ufe0f <b data-path-to-node=\"11,3,0\" data-index-in-node=\"4\">Trinktemperatur:<\/b> 16-18\u00b0C<\/p>\n<p data-path-to-node=\"11,4,0\">\u23f3 <b data-path-to-node=\"11,4,0\" data-index-in-node=\"2\">Ausbau:<\/b> in der Flasche<\/p>","protected":false},"featured_media":30271,"template":"redux-templates_contained","meta":[],"product_brand":[],"product_cat":[119],"product_tag":[126,144,150,129,131,130,128,125,151,146,148,149,152,145,153,123,127],"class_list":{"0":"post-30270","1":"product","2":"type-product","3":"status-publish","4":"has-post-thumbnail","6":"product_cat-vini-rossi","7":"product_tag-affinato-in-barrique","8":"product_tag-azienda-agricola-elisabetta","9":"product_tag-cabernet-sauvignon","10":"product_tag-carne-rossa","11":"product_tag-cecina","12":"product_tag-formaggi-stagionati","13":"product_tag-frutti-rossi","14":"product_tag-igt-toscana","15":"product_tag-more-e-gelsi","16":"product_tag-sangiovese","17":"product_tag-sangiovese-toscano","18":"product_tag-syrah","19":"product_tag-tabacco","20":"product_tag-tenuta-elisabetta","21":"product_tag-vino-avvolgente","22":"product_tag-vino-rosso","23":"product_tag-vino-strutturato","24":"layout-4","25":"product-add-to-cart-ajax","27":"first","28":"instock","29":"shipping-taxable","30":"product-type-simple"},"yoast_head":"<!-- This site is optimized with the Yoast SEO plugin v27.2 - https:\/\/yoast.com\/product\/yoast-seo-wordpress\/ -->\n<title>Aulo Rosso IGT Toscana | Cantina Azienda Agricola Brunetti<\/title>\n<meta name=\"description\" content=\"Scopri l&#039;Aulo Rosso IGT Toscana: un fragrante blend di Sangiovese, Syrah e Cabernet Sauvignon. Avvolgente, con note di more, spezie e tabacco. Acquista online.\" \/>\n<meta name=\"robots\" content=\"index, follow, max-snippet:-1, max-image-preview:large, max-video-preview:-1\" \/>\n<link rel=\"canonical\" href=\"https:\/\/www.tenutaelisabetta.it\/de\/prodotti\/aulo-rosso\/\" \/>\n<meta property=\"og:locale\" content=\"de_DE\" \/>\n<meta property=\"og:type\" content=\"article\" \/>\n<meta property=\"og:title\" content=\"Aulo Rosso IGT Toscana | Cantina Azienda Agricola Brunetti\" \/>\n<meta property=\"og:description\" content=\"Scopri l&#039;Aulo Rosso IGT Toscana: un fragrante blend di Sangiovese, Syrah e Cabernet Sauvignon. Avvolgente, con note di more, spezie e tabacco. Acquista online.\" \/>\n<meta property=\"og:url\" content=\"https:\/\/www.tenutaelisabetta.it\/de\/prodotti\/aulo-rosso\/\" \/>\n<meta property=\"og:site_name\" content=\"Tenuta Elisabetta\" \/>\n<meta property=\"article:publisher\" content=\"https:\/\/www.facebook.com\/agrihotelelisabetta\/\" \/>\n<meta property=\"article:modified_time\" content=\"2026-03-31T15:13:28+00:00\" \/>\n<meta property=\"og:image\" content=\"https:\/\/www.tenutaelisabetta.it\/wp-content\/uploads\/2026\/03\/vino-aulo-rosso-azienda-agricola-elisabetta.webp\" \/>\n\t<meta property=\"og:image:width\" content=\"1080\" \/>\n\t<meta property=\"og:image:height\" content=\"1080\" \/>\n\t<meta property=\"og:image:type\" content=\"image\/webp\" \/>\n<meta name=\"twitter:card\" content=\"summary_large_image\" \/>\n<meta name=\"twitter:label1\" content=\"Gesch\u00e4tzte Lesezeit\" \/>\n\t<meta name=\"twitter:data1\" content=\"1\u00a0Minute\" \/>\n<script type=\"application\/ld+json\" class=\"yoast-schema-graph\">{\"@context\":\"https:\/\/schema.org\",\"@graph\":[{\"@type\":\"WebPage\",\"@id\":\"https:\/\/www.tenutaelisabetta.it\/prodotti\/aulo-rosso\/\",\"url\":\"https:\/\/www.tenutaelisabetta.it\/prodotti\/aulo-rosso\/\",\"name\":\"Aulo Rosso IGT Toscana | Cantina Azienda Agricola Brunetti\",\"isPartOf\":{\"@id\":\"https:\/\/www.tenutaelisabetta.it\/#website\"},\"primaryImageOfPage\":{\"@id\":\"https:\/\/www.tenutaelisabetta.it\/prodotti\/aulo-rosso\/#primaryimage\"},\"image\":{\"@id\":\"https:\/\/www.tenutaelisabetta.it\/prodotti\/aulo-rosso\/#primaryimage\"},\"thumbnailUrl\":\"https:\/\/www.tenutaelisabetta.it\/wp-content\/uploads\/2026\/03\/vino-aulo-rosso-azienda-agricola-elisabetta.webp\",\"datePublished\":\"2026-03-29T11:51:42+00:00\",\"dateModified\":\"2026-03-31T15:13:28+00:00\",\"description\":\"Scopri l'Aulo Rosso IGT Toscana: un fragrante blend di Sangiovese, Syrah e Cabernet Sauvignon. Avvolgente, con note di more, spezie e tabacco. Acquista online.\",\"breadcrumb\":{\"@id\":\"https:\/\/www.tenutaelisabetta.it\/prodotti\/aulo-rosso\/#breadcrumb\"},\"inLanguage\":\"de\",\"potentialAction\":[{\"@type\":\"ReadAction\",\"target\":[\"https:\/\/www.tenutaelisabetta.it\/prodotti\/aulo-rosso\/\"]}]},{\"@type\":\"ImageObject\",\"inLanguage\":\"de\",\"@id\":\"https:\/\/www.tenutaelisabetta.it\/prodotti\/aulo-rosso\/#primaryimage\",\"url\":\"https:\/\/www.tenutaelisabetta.it\/wp-content\/uploads\/2026\/03\/vino-aulo-rosso-azienda-agricola-elisabetta.webp\",\"contentUrl\":\"https:\/\/www.tenutaelisabetta.it\/wp-content\/uploads\/2026\/03\/vino-aulo-rosso-azienda-agricola-elisabetta.webp\",\"width\":1080,\"height\":1080,\"caption\":\"Bottiglia di vino rosso Aulo Rosso prodotto dall'azienda agricola Elisabetta a Cecina, Toscana\"},{\"@type\":\"BreadcrumbList\",\"@id\":\"https:\/\/www.tenutaelisabetta.it\/prodotti\/aulo-rosso\/#breadcrumb\",\"itemListElement\":[{\"@type\":\"ListItem\",\"position\":1,\"name\":\"Home\",\"item\":\"https:\/\/www.tenutaelisabetta.it\/\"},{\"@type\":\"ListItem\",\"position\":2,\"name\":\"Shop\",\"item\":\"https:\/\/www.tenutaelisabetta.it\/shop\/\"},{\"@type\":\"ListItem\",\"position\":3,\"name\":\"Aulo Rosso\"}]},{\"@type\":\"WebSite\",\"@id\":\"https:\/\/www.tenutaelisabetta.it\/#website\",\"url\":\"https:\/\/www.tenutaelisabetta.it\/\",\"name\":\"Tenuta Elisabetta\",\"description\":\"Agrihotel, Spa, Wellness Resort\",\"publisher\":{\"@id\":\"https:\/\/www.tenutaelisabetta.it\/#organization\"},\"potentialAction\":[{\"@type\":\"SearchAction\",\"target\":{\"@type\":\"EntryPoint\",\"urlTemplate\":\"https:\/\/www.tenutaelisabetta.it\/?s={search_term_string}\"},\"query-input\":{\"@type\":\"PropertyValueSpecification\",\"valueRequired\":true,\"valueName\":\"search_term_string\"}}],\"inLanguage\":\"de\"},{\"@type\":\"Organization\",\"@id\":\"https:\/\/www.tenutaelisabetta.it\/#organization\",\"name\":\"Tenuta Elisabetta\",\"url\":\"https:\/\/www.tenutaelisabetta.it\/\",\"logo\":{\"@type\":\"ImageObject\",\"inLanguage\":\"de\",\"@id\":\"https:\/\/www.tenutaelisabetta.it\/#\/schema\/logo\/image\/\",\"url\":\"https:\/\/www.tenutaelisabetta.it\/wp-content\/uploads\/2025\/07\/Tenuta-Elisabetta-logo.svg\",\"contentUrl\":\"https:\/\/www.tenutaelisabetta.it\/wp-content\/uploads\/2025\/07\/Tenuta-Elisabetta-logo.svg\",\"width\":419,\"height\":188,\"caption\":\"Tenuta Elisabetta\"},\"image\":{\"@id\":\"https:\/\/www.tenutaelisabetta.it\/#\/schema\/logo\/image\/\"},\"sameAs\":[\"https:\/\/www.facebook.com\/agrihotelelisabetta\/\",\"https:\/\/www.instagram.com\/agrihotelelisabetta\/\"]}]}<\/script>\n<!-- \/ Yoast SEO plugin. -->","yoast_head_json":{"title":"Aulo Rosso IGT Toscana | Cantina Azienda Agricola Brunetti","description":"Scopri l'Aulo Rosso IGT Toscana: un fragrante blend di Sangiovese, Syrah e Cabernet Sauvignon. Avvolgente, con note di more, spezie e tabacco. Acquista online.","robots":{"index":"index","follow":"follow","max-snippet":"max-snippet:-1","max-image-preview":"max-image-preview:large","max-video-preview":"max-video-preview:-1"},"canonical":"https:\/\/www.tenutaelisabetta.it\/de\/prodotti\/aulo-rosso\/","og_locale":"de_DE","og_type":"article","og_title":"Aulo Rosso IGT Toscana | Cantina Azienda Agricola Brunetti","og_description":"Scopri l'Aulo Rosso IGT Toscana: un fragrante blend di Sangiovese, Syrah e Cabernet Sauvignon. Avvolgente, con note di more, spezie e tabacco. Acquista online.","og_url":"https:\/\/www.tenutaelisabetta.it\/de\/prodotti\/aulo-rosso\/","og_site_name":"Tenuta Elisabetta","article_publisher":"https:\/\/www.facebook.com\/agrihotelelisabetta\/","article_modified_time":"2026-03-31T15:13:28+00:00","og_image":[{"width":1080,"height":1080,"url":"https:\/\/www.tenutaelisabetta.it\/wp-content\/uploads\/2026\/03\/vino-aulo-rosso-azienda-agricola-elisabetta.webp","type":"image\/webp"}],"twitter_card":"summary_large_image","twitter_misc":{"Gesch\u00e4tzte Lesezeit":"1\u00a0Minute"},"schema":{"@context":"https:\/\/schema.org","@graph":[{"@type":"WebPage","@id":"https:\/\/www.tenutaelisabetta.it\/prodotti\/aulo-rosso\/","url":"https:\/\/www.tenutaelisabetta.it\/prodotti\/aulo-rosso\/","name":"Aulo Rosso IGT Toscana | Cantina Azienda Agricola Brunetti","isPartOf":{"@id":"https:\/\/www.tenutaelisabetta.it\/#website"},"primaryImageOfPage":{"@id":"https:\/\/www.tenutaelisabetta.it\/prodotti\/aulo-rosso\/#primaryimage"},"image":{"@id":"https:\/\/www.tenutaelisabetta.it\/prodotti\/aulo-rosso\/#primaryimage"},"thumbnailUrl":"https:\/\/www.tenutaelisabetta.it\/wp-content\/uploads\/2026\/03\/vino-aulo-rosso-azienda-agricola-elisabetta.webp","datePublished":"2026-03-29T11:51:42+00:00","dateModified":"2026-03-31T15:13:28+00:00","description":"Scopri l'Aulo Rosso IGT Toscana: un fragrante blend di Sangiovese, Syrah e Cabernet Sauvignon. Avvolgente, con note di more, spezie e tabacco. Acquista online.","breadcrumb":{"@id":"https:\/\/www.tenutaelisabetta.it\/prodotti\/aulo-rosso\/#breadcrumb"},"inLanguage":"de","potentialAction":[{"@type":"ReadAction","target":["https:\/\/www.tenutaelisabetta.it\/prodotti\/aulo-rosso\/"]}]},{"@type":"ImageObject","inLanguage":"de","@id":"https:\/\/www.tenutaelisabetta.it\/prodotti\/aulo-rosso\/#primaryimage","url":"https:\/\/www.tenutaelisabetta.it\/wp-content\/uploads\/2026\/03\/vino-aulo-rosso-azienda-agricola-elisabetta.webp","contentUrl":"https:\/\/www.tenutaelisabetta.it\/wp-content\/uploads\/2026\/03\/vino-aulo-rosso-azienda-agricola-elisabetta.webp","width":1080,"height":1080,"caption":"Bottiglia di vino rosso Aulo Rosso prodotto dall'azienda agricola Elisabetta a Cecina, Toscana"},{"@type":"BreadcrumbList","@id":"https:\/\/www.tenutaelisabetta.it\/prodotti\/aulo-rosso\/#breadcrumb","itemListElement":[{"@type":"ListItem","position":1,"name":"Home","item":"https:\/\/www.tenutaelisabetta.it\/"},{"@type":"ListItem","position":2,"name":"Shop","item":"https:\/\/www.tenutaelisabetta.it\/shop\/"},{"@type":"ListItem","position":3,"name":"Aulo Rosso"}]},{"@type":"WebSite","@id":"https:\/\/www.tenutaelisabetta.it\/#website","url":"https:\/\/www.tenutaelisabetta.it\/","name":"Tenuta Elisabetta","description":"Agrihotel, Spa, Wellness Resort","publisher":{"@id":"https:\/\/www.tenutaelisabetta.it\/#organization"},"potentialAction":[{"@type":"SearchAction","target":{"@type":"EntryPoint","urlTemplate":"https:\/\/www.tenutaelisabetta.it\/?s={search_term_string}"},"query-input":{"@type":"PropertyValueSpecification","valueRequired":true,"valueName":"search_term_string"}}],"inLanguage":"de"},{"@type":"Organization","@id":"https:\/\/www.tenutaelisabetta.it\/#organization","name":"Tenuta Elisabetta","url":"https:\/\/www.tenutaelisabetta.it\/","logo":{"@type":"ImageObject","inLanguage":"de","@id":"https:\/\/www.tenutaelisabetta.it\/#\/schema\/logo\/image\/","url":"https:\/\/www.tenutaelisabetta.it\/wp-content\/uploads\/2025\/07\/Tenuta-Elisabetta-logo.svg","contentUrl":"https:\/\/www.tenutaelisabetta.it\/wp-content\/uploads\/2025\/07\/Tenuta-Elisabetta-logo.svg","width":419,"height":188,"caption":"Tenuta Elisabetta"},"image":{"@id":"https:\/\/www.tenutaelisabetta.it\/#\/schema\/logo\/image\/"},"sameAs":["https:\/\/www.facebook.com\/agrihotelelisabetta\/","https:\/\/www.instagram.com\/agrihotelelisabetta\/"]}]}},"_links":{"self":[{"href":"https:\/\/www.tenutaelisabetta.it\/de\/wp-json\/wp\/v2\/product\/30270","targetHints":{"allow":["GET"]}}],"collection":[{"href":"https:\/\/www.tenutaelisabetta.it\/de\/wp-json\/wp\/v2\/product"}],"about":[{"href":"https:\/\/www.tenutaelisabetta.it\/de\/wp-json\/wp\/v2\/types\/product"}],"version-history":[{"count":2,"href":"https:\/\/www.tenutaelisabetta.it\/de\/wp-json\/wp\/v2\/product\/30270\/revisions"}],"predecessor-version":[{"id":30409,"href":"https:\/\/www.tenutaelisabetta.it\/de\/wp-json\/wp\/v2\/product\/30270\/revisions\/30409"}],"wp:featuredmedia":[{"embeddable":true,"href":"https:\/\/www.tenutaelisabetta.it\/de\/wp-json\/wp\/v2\/media\/30271"}],"wp:attachment":[{"href":"https:\/\/www.tenutaelisabetta.it\/de\/wp-json\/wp\/v2\/media?parent=30270"}],"wp:term":[{"taxonomy":"product_brand","embeddable":true,"href":"https:\/\/www.tenutaelisabetta.it\/de\/wp-json\/wp\/v2\/product_brand?post=30270"},{"taxonomy":"product_cat","embeddable":true,"href":"https:\/\/www.tenutaelisabetta.it\/de\/wp-json\/wp\/v2\/product_cat?post=30270"},{"taxonomy":"product_tag","embeddable":true,"href":"https:\/\/www.tenutaelisabetta.it\/de\/wp-json\/wp\/v2\/product_tag?post=30270"}],"curies":[{"name":"wp","href":"https:\/\/api.w.org\/{rel}","templated":true}]}}