{"id":30285,"date":"2026-03-30T09:00:06","date_gmt":"2026-03-30T07:00:06","guid":{"rendered":"https:\/\/www.tenutaelisabetta.it\/?post_type=product&#038;p=30285"},"modified":"2026-03-30T09:10:55","modified_gmt":"2026-03-30T07:10:55","slug":"aulo-rosato","status":"publish","type":"product","link":"https:\/\/www.tenutaelisabetta.it\/de\/prodotti\/aulo-rosato\/","title":{"rendered":"Aulo Rosato"},"content":{"rendered":"<p data-path-to-node=\"15\"><b data-path-to-node=\"15\" data-index-in-node=\"0\">VERKOSTUNGSNOTIZEN<\/b><\/p>\n<ul data-path-to-node=\"16\">\n<li>\n<p data-path-to-node=\"16,0,0\"><b data-path-to-node=\"16,0,0\" data-index-in-node=\"0\">Farbe:<\/b> Mittelintensives Kirschrot mit brillanten Nuancen.<\/p>\n<\/li>\n<li>\n<p data-path-to-node=\"16,1,0\"><b data-path-to-node=\"16,1,0\" data-index-in-node=\"0\">Nase:<\/b> Intensiv fruchtig und elegant. Die zarten Noten von Waldbeeren und Himbeere werden angenehm durch Ankl\u00e4nge von Pfeffer und aromatischen Kr\u00e4utern bereichert.<\/p>\n<\/li>\n<li>\n<p data-path-to-node=\"16,2,0\"><b data-path-to-node=\"16,2,0\" data-index-in-node=\"0\">Gaumen:<\/b> Am Gaumen ist er einh\u00fcllend und angenehm, gepr\u00e4gt von einer ausgezeichneten Salzigkeit und Frische, die im Finale durch einen guten K\u00f6rper ausbalanciert werden.<\/p>\n<\/li>\n<\/ul>\n<p data-path-to-node=\"17\"><b data-path-to-node=\"17\" data-index-in-node=\"0\">AGRONOMISCHE DATEN<\/b><\/p>\n<ul data-path-to-node=\"18\">\n<li>\n<p data-path-to-node=\"18,0,0\"><b data-path-to-node=\"18,0,0\" data-index-in-node=\"0\">H\u00f6henlage:<\/b> 50 Meter \u00fcber dem Meeresspiegel.<\/p>\n<\/li>\n<li>\n<p data-path-to-node=\"18,1,0\"><b data-path-to-node=\"18,1,0\" data-index-in-node=\"0\">Lesezeit:<\/b> Anfang September.<\/p>\n<\/li>\n<\/ul>\n<p data-path-to-node=\"19\"><b data-path-to-node=\"19\" data-index-in-node=\"0\">\u00d6NOLOGISCHE DATEN<\/b><\/p>\n<ul data-path-to-node=\"20\">\n<li>\n<p data-path-to-node=\"20,0,0\"><b data-path-to-node=\"20,0,0\" data-index-in-node=\"0\">Vinifikation: <\/b>Handlese, gefolgt von einer schonenden Pressung ohne l\u00e4ngeren Schalenkontakt (Saign\u00e9e-Methode). Nach einer kurzen Absetzphase zur statischen Kl\u00e4rung g\u00e4rt der gewonnene Most temperaturkontrolliert.<\/p>\n<\/li>\n<li>\n<p data-path-to-node=\"20,1,0\"><b data-path-to-node=\"20,1,0\" data-index-in-node=\"0\">Ausbau:<\/b> 4 Monate Reifung auf der Feinhefe, um mehr Struktur und Eleganz zu verleihen, gefolgt von einer weiteren Flaschenreife.<\/p>\n<\/li>\n<\/ul>","protected":false},"excerpt":{"rendered":"<p data-path-to-node=\"11,0,0\">\ud83c\udf47 <b data-path-to-node=\"11,0,0\" data-index-in-node=\"3\">Rebsorte:<\/b> Sangiovese, Cabernet Sauvignon, Syrah und weitere gutseigene Rebsorten<\/p>\n<p data-path-to-node=\"11,1,0\">\ud83d\udccd <b data-path-to-node=\"11,1,0\" data-index-in-node=\"3\">Anbaugebiet:<\/b> Collemezzano \u2013 Cecina (LI)<\/p>\n<p data-path-to-node=\"11,2,0\">\ud83c\udf77 <b data-path-to-node=\"11,2,0\" data-index-in-node=\"3\">Alkoholgehalt:<\/b> 12,5% vol.<\/p>\n<p data-path-to-node=\"11,3,0\">\ud83c\udf21\ufe0f <b data-path-to-node=\"11,3,0\" data-index-in-node=\"4\">Trinktemperatur:<\/b> 10-12\u00b0C<\/p>\n<p data-path-to-node=\"11,4,0\">\u23f3 <b data-path-to-node=\"11,4,0\" data-index-in-node=\"2\">Ausbau:<\/b> 4 Monate auf der Feinhefe, anschlie\u00dfende Flaschenreife<\/p>","protected":false},"featured_media":30286,"template":"redux-templates_contained","meta":[],"product_brand":[],"product_cat":[140],"product_tag":[164,144,150,131,154,169,172,162,167,163,174,125,175,161,170,171,166,146,173,149,145,168,165,153,158,176],"class_list":{"0":"post-30285","1":"product","2":"type-product","3":"status-publish","4":"has-post-thumbnail","6":"product_cat-vini-rose","7":"product_tag-affinamento-in-acciaio","8":"product_tag-azienda-agricola-elisabetta","9":"product_tag-cabernet-sauvignon","10":"product_tag-cecina","11":"product_tag-chardonnay","12":"product_tag-clairette","13":"product_tag-elegante","14":"product_tag-erbe-aromatiche","15":"product_tag-floreale","16":"product_tag-fresco-e-sapido","17":"product_tag-frutti-di-bosco","18":"product_tag-igt-toscana","19":"product_tag-lampone","20":"product_tag-mela-essiccata","21":"product_tag-mela-verde","22":"product_tag-pesca","23":"product_tag-pesca-gialla","24":"product_tag-sangiovese","25":"product_tag-strutturato","26":"product_tag-syrah","27":"product_tag-tenuta-elisabetta","28":"product_tag-vermentino","29":"product_tag-vermentino-100","30":"product_tag-vino-avvolgente","31":"product_tag-vino-bianco","32":"product_tag-vino-rosato","33":"layout-4","34":"product-add-to-cart-ajax","36":"first","37":"instock","38":"shipping-taxable","39":"product-type-simple"},"yoast_head":"<!-- This site is optimized with the Yoast SEO plugin v27.2 - https:\/\/yoast.com\/product\/yoast-seo-wordpress\/ -->\n<title>Aulo Rosato IGT Toscana | Cantina Azienda Agricola Brunetti<\/title>\n<meta name=\"description\" content=\"Scopri l&#039;Aulo Rosato IGT Toscana: un vino rosato fresco e avvolgente, nato dai migliori vitigni aziendali. Profumi di lampone ed erbe aromatiche. Acquista online.\" \/>\n<meta name=\"robots\" content=\"index, follow, max-snippet:-1, max-image-preview:large, max-video-preview:-1\" \/>\n<link rel=\"canonical\" href=\"https:\/\/www.tenutaelisabetta.it\/de\/prodotti\/aulo-rosato\/\" \/>\n<meta property=\"og:locale\" content=\"de_DE\" \/>\n<meta property=\"og:type\" content=\"article\" \/>\n<meta property=\"og:title\" content=\"Aulo Rosato IGT Toscana | Cantina Azienda Agricola Brunetti\" \/>\n<meta property=\"og:description\" content=\"Scopri l&#039;Aulo Rosato IGT Toscana: un vino rosato fresco e avvolgente, nato dai migliori vitigni aziendali. Profumi di lampone ed erbe aromatiche. Acquista online.\" \/>\n<meta property=\"og:url\" content=\"https:\/\/www.tenutaelisabetta.it\/de\/prodotti\/aulo-rosato\/\" \/>\n<meta property=\"og:site_name\" content=\"Tenuta Elisabetta\" \/>\n<meta property=\"article:publisher\" content=\"https:\/\/www.facebook.com\/agrihotelelisabetta\/\" \/>\n<meta property=\"article:modified_time\" content=\"2026-03-30T07:10:55+00:00\" \/>\n<meta property=\"og:image\" content=\"https:\/\/www.tenutaelisabetta.it\/wp-content\/uploads\/2026\/03\/vino-aulo-rosato-azienda-agricola-elisabetta.webp\" \/>\n\t<meta property=\"og:image:width\" content=\"1080\" \/>\n\t<meta property=\"og:image:height\" content=\"1080\" \/>\n\t<meta property=\"og:image:type\" content=\"image\/webp\" \/>\n<meta name=\"twitter:card\" content=\"summary_large_image\" \/>\n<meta name=\"twitter:label1\" content=\"Gesch\u00e4tzte Lesezeit\" \/>\n\t<meta name=\"twitter:data1\" content=\"1\u00a0Minute\" \/>\n<script type=\"application\/ld+json\" class=\"yoast-schema-graph\">{\"@context\":\"https:\/\/schema.org\",\"@graph\":[{\"@type\":\"WebPage\",\"@id\":\"https:\/\/www.tenutaelisabetta.it\/prodotti\/aulo-rosato\/\",\"url\":\"https:\/\/www.tenutaelisabetta.it\/prodotti\/aulo-rosato\/\",\"name\":\"Aulo Rosato IGT Toscana | Cantina Azienda Agricola Brunetti\",\"isPartOf\":{\"@id\":\"https:\/\/www.tenutaelisabetta.it\/#website\"},\"primaryImageOfPage\":{\"@id\":\"https:\/\/www.tenutaelisabetta.it\/prodotti\/aulo-rosato\/#primaryimage\"},\"image\":{\"@id\":\"https:\/\/www.tenutaelisabetta.it\/prodotti\/aulo-rosato\/#primaryimage\"},\"thumbnailUrl\":\"https:\/\/www.tenutaelisabetta.it\/wp-content\/uploads\/2026\/03\/vino-aulo-rosato-azienda-agricola-elisabetta.webp\",\"datePublished\":\"2026-03-30T07:00:06+00:00\",\"dateModified\":\"2026-03-30T07:10:55+00:00\",\"description\":\"Scopri l'Aulo Rosato IGT Toscana: un vino rosato fresco e avvolgente, nato dai migliori vitigni aziendali. Profumi di lampone ed erbe aromatiche. Acquista online.\",\"breadcrumb\":{\"@id\":\"https:\/\/www.tenutaelisabetta.it\/prodotti\/aulo-rosato\/#breadcrumb\"},\"inLanguage\":\"de\",\"potentialAction\":[{\"@type\":\"ReadAction\",\"target\":[\"https:\/\/www.tenutaelisabetta.it\/prodotti\/aulo-rosato\/\"]}]},{\"@type\":\"ImageObject\",\"inLanguage\":\"de\",\"@id\":\"https:\/\/www.tenutaelisabetta.it\/prodotti\/aulo-rosato\/#primaryimage\",\"url\":\"https:\/\/www.tenutaelisabetta.it\/wp-content\/uploads\/2026\/03\/vino-aulo-rosato-azienda-agricola-elisabetta.webp\",\"contentUrl\":\"https:\/\/www.tenutaelisabetta.it\/wp-content\/uploads\/2026\/03\/vino-aulo-rosato-azienda-agricola-elisabetta.webp\",\"width\":1080,\"height\":1080,\"caption\":\"Bottiglia di vino ros\u00e8 Aulo Rosato prodotto dall'azienda agricola Elisabetta a Cecina, Toscana\"},{\"@type\":\"BreadcrumbList\",\"@id\":\"https:\/\/www.tenutaelisabetta.it\/prodotti\/aulo-rosato\/#breadcrumb\",\"itemListElement\":[{\"@type\":\"ListItem\",\"position\":1,\"name\":\"Home\",\"item\":\"https:\/\/www.tenutaelisabetta.it\/\"},{\"@type\":\"ListItem\",\"position\":2,\"name\":\"Shop\",\"item\":\"https:\/\/www.tenutaelisabetta.it\/shop\/\"},{\"@type\":\"ListItem\",\"position\":3,\"name\":\"Aulo Rosato\"}]},{\"@type\":\"WebSite\",\"@id\":\"https:\/\/www.tenutaelisabetta.it\/#website\",\"url\":\"https:\/\/www.tenutaelisabetta.it\/\",\"name\":\"Tenuta Elisabetta\",\"description\":\"Agrihotel, Spa, Wellness Resort\",\"publisher\":{\"@id\":\"https:\/\/www.tenutaelisabetta.it\/#organization\"},\"potentialAction\":[{\"@type\":\"SearchAction\",\"target\":{\"@type\":\"EntryPoint\",\"urlTemplate\":\"https:\/\/www.tenutaelisabetta.it\/?s={search_term_string}\"},\"query-input\":{\"@type\":\"PropertyValueSpecification\",\"valueRequired\":true,\"valueName\":\"search_term_string\"}}],\"inLanguage\":\"de\"},{\"@type\":\"Organization\",\"@id\":\"https:\/\/www.tenutaelisabetta.it\/#organization\",\"name\":\"Tenuta Elisabetta\",\"url\":\"https:\/\/www.tenutaelisabetta.it\/\",\"logo\":{\"@type\":\"ImageObject\",\"inLanguage\":\"de\",\"@id\":\"https:\/\/www.tenutaelisabetta.it\/#\/schema\/logo\/image\/\",\"url\":\"https:\/\/www.tenutaelisabetta.it\/wp-content\/uploads\/2025\/07\/Tenuta-Elisabetta-logo.svg\",\"contentUrl\":\"https:\/\/www.tenutaelisabetta.it\/wp-content\/uploads\/2025\/07\/Tenuta-Elisabetta-logo.svg\",\"width\":419,\"height\":188,\"caption\":\"Tenuta Elisabetta\"},\"image\":{\"@id\":\"https:\/\/www.tenutaelisabetta.it\/#\/schema\/logo\/image\/\"},\"sameAs\":[\"https:\/\/www.facebook.com\/agrihotelelisabetta\/\",\"https:\/\/www.instagram.com\/agrihotelelisabetta\/\"]}]}<\/script>\n<!-- \/ Yoast SEO plugin. -->","yoast_head_json":{"title":"Aulo Rosato IGT Toscana | Cantina Azienda Agricola Brunetti","description":"Scopri l'Aulo Rosato IGT Toscana: un vino rosato fresco e avvolgente, nato dai migliori vitigni aziendali. Profumi di lampone ed erbe aromatiche. Acquista online.","robots":{"index":"index","follow":"follow","max-snippet":"max-snippet:-1","max-image-preview":"max-image-preview:large","max-video-preview":"max-video-preview:-1"},"canonical":"https:\/\/www.tenutaelisabetta.it\/de\/prodotti\/aulo-rosato\/","og_locale":"de_DE","og_type":"article","og_title":"Aulo Rosato IGT Toscana | Cantina Azienda Agricola Brunetti","og_description":"Scopri l'Aulo Rosato IGT Toscana: un vino rosato fresco e avvolgente, nato dai migliori vitigni aziendali. Profumi di lampone ed erbe aromatiche. Acquista online.","og_url":"https:\/\/www.tenutaelisabetta.it\/de\/prodotti\/aulo-rosato\/","og_site_name":"Tenuta Elisabetta","article_publisher":"https:\/\/www.facebook.com\/agrihotelelisabetta\/","article_modified_time":"2026-03-30T07:10:55+00:00","og_image":[{"width":1080,"height":1080,"url":"https:\/\/www.tenutaelisabetta.it\/wp-content\/uploads\/2026\/03\/vino-aulo-rosato-azienda-agricola-elisabetta.webp","type":"image\/webp"}],"twitter_card":"summary_large_image","twitter_misc":{"Gesch\u00e4tzte Lesezeit":"1\u00a0Minute"},"schema":{"@context":"https:\/\/schema.org","@graph":[{"@type":"WebPage","@id":"https:\/\/www.tenutaelisabetta.it\/prodotti\/aulo-rosato\/","url":"https:\/\/www.tenutaelisabetta.it\/prodotti\/aulo-rosato\/","name":"Aulo Rosato IGT Toscana | Cantina Azienda Agricola Brunetti","isPartOf":{"@id":"https:\/\/www.tenutaelisabetta.it\/#website"},"primaryImageOfPage":{"@id":"https:\/\/www.tenutaelisabetta.it\/prodotti\/aulo-rosato\/#primaryimage"},"image":{"@id":"https:\/\/www.tenutaelisabetta.it\/prodotti\/aulo-rosato\/#primaryimage"},"thumbnailUrl":"https:\/\/www.tenutaelisabetta.it\/wp-content\/uploads\/2026\/03\/vino-aulo-rosato-azienda-agricola-elisabetta.webp","datePublished":"2026-03-30T07:00:06+00:00","dateModified":"2026-03-30T07:10:55+00:00","description":"Scopri l'Aulo Rosato IGT Toscana: un vino rosato fresco e avvolgente, nato dai migliori vitigni aziendali. Profumi di lampone ed erbe aromatiche. Acquista online.","breadcrumb":{"@id":"https:\/\/www.tenutaelisabetta.it\/prodotti\/aulo-rosato\/#breadcrumb"},"inLanguage":"de","potentialAction":[{"@type":"ReadAction","target":["https:\/\/www.tenutaelisabetta.it\/prodotti\/aulo-rosato\/"]}]},{"@type":"ImageObject","inLanguage":"de","@id":"https:\/\/www.tenutaelisabetta.it\/prodotti\/aulo-rosato\/#primaryimage","url":"https:\/\/www.tenutaelisabetta.it\/wp-content\/uploads\/2026\/03\/vino-aulo-rosato-azienda-agricola-elisabetta.webp","contentUrl":"https:\/\/www.tenutaelisabetta.it\/wp-content\/uploads\/2026\/03\/vino-aulo-rosato-azienda-agricola-elisabetta.webp","width":1080,"height":1080,"caption":"Bottiglia di vino ros\u00e8 Aulo Rosato prodotto dall'azienda agricola Elisabetta a Cecina, Toscana"},{"@type":"BreadcrumbList","@id":"https:\/\/www.tenutaelisabetta.it\/prodotti\/aulo-rosato\/#breadcrumb","itemListElement":[{"@type":"ListItem","position":1,"name":"Home","item":"https:\/\/www.tenutaelisabetta.it\/"},{"@type":"ListItem","position":2,"name":"Shop","item":"https:\/\/www.tenutaelisabetta.it\/shop\/"},{"@type":"ListItem","position":3,"name":"Aulo Rosato"}]},{"@type":"WebSite","@id":"https:\/\/www.tenutaelisabetta.it\/#website","url":"https:\/\/www.tenutaelisabetta.it\/","name":"Tenuta Elisabetta","description":"Agrihotel, Spa, Wellness Resort","publisher":{"@id":"https:\/\/www.tenutaelisabetta.it\/#organization"},"potentialAction":[{"@type":"SearchAction","target":{"@type":"EntryPoint","urlTemplate":"https:\/\/www.tenutaelisabetta.it\/?s={search_term_string}"},"query-input":{"@type":"PropertyValueSpecification","valueRequired":true,"valueName":"search_term_string"}}],"inLanguage":"de"},{"@type":"Organization","@id":"https:\/\/www.tenutaelisabetta.it\/#organization","name":"Tenuta Elisabetta","url":"https:\/\/www.tenutaelisabetta.it\/","logo":{"@type":"ImageObject","inLanguage":"de","@id":"https:\/\/www.tenutaelisabetta.it\/#\/schema\/logo\/image\/","url":"https:\/\/www.tenutaelisabetta.it\/wp-content\/uploads\/2025\/07\/Tenuta-Elisabetta-logo.svg","contentUrl":"https:\/\/www.tenutaelisabetta.it\/wp-content\/uploads\/2025\/07\/Tenuta-Elisabetta-logo.svg","width":419,"height":188,"caption":"Tenuta Elisabetta"},"image":{"@id":"https:\/\/www.tenutaelisabetta.it\/#\/schema\/logo\/image\/"},"sameAs":["https:\/\/www.facebook.com\/agrihotelelisabetta\/","https:\/\/www.instagram.com\/agrihotelelisabetta\/"]}]}},"_links":{"self":[{"href":"https:\/\/www.tenutaelisabetta.it\/de\/wp-json\/wp\/v2\/product\/30285","targetHints":{"allow":["GET"]}}],"collection":[{"href":"https:\/\/www.tenutaelisabetta.it\/de\/wp-json\/wp\/v2\/product"}],"about":[{"href":"https:\/\/www.tenutaelisabetta.it\/de\/wp-json\/wp\/v2\/types\/product"}],"version-history":[{"count":1,"href":"https:\/\/www.tenutaelisabetta.it\/de\/wp-json\/wp\/v2\/product\/30285\/revisions"}],"predecessor-version":[{"id":30287,"href":"https:\/\/www.tenutaelisabetta.it\/de\/wp-json\/wp\/v2\/product\/30285\/revisions\/30287"}],"wp:featuredmedia":[{"embeddable":true,"href":"https:\/\/www.tenutaelisabetta.it\/de\/wp-json\/wp\/v2\/media\/30286"}],"wp:attachment":[{"href":"https:\/\/www.tenutaelisabetta.it\/de\/wp-json\/wp\/v2\/media?parent=30285"}],"wp:term":[{"taxonomy":"product_brand","embeddable":true,"href":"https:\/\/www.tenutaelisabetta.it\/de\/wp-json\/wp\/v2\/product_brand?post=30285"},{"taxonomy":"product_cat","embeddable":true,"href":"https:\/\/www.tenutaelisabetta.it\/de\/wp-json\/wp\/v2\/product_cat?post=30285"},{"taxonomy":"product_tag","embeddable":true,"href":"https:\/\/www.tenutaelisabetta.it\/de\/wp-json\/wp\/v2\/product_tag?post=30285"}],"curies":[{"name":"wp","href":"https:\/\/api.w.org\/{rel}","templated":true}]}}