{"id":30291,"date":"2026-03-30T09:23:31","date_gmt":"2026-03-30T07:23:31","guid":{"rendered":"https:\/\/www.tenutaelisabetta.it\/?post_type=product&#038;p=30291"},"modified":"2026-03-30T09:37:23","modified_gmt":"2026-03-30T07:37:23","slug":"spumante-extra-dry","status":"publish","type":"product","link":"https:\/\/www.tenutaelisabetta.it\/de\/prodotti\/spumante-extra-dry\/","title":{"rendered":"Spumante Extra Dry"},"content":{"rendered":"<p data-path-to-node=\"15\"><b data-path-to-node=\"15\" data-index-in-node=\"0\">VERKOSTUNGSNOTIZEN<\/b><\/p>\n<ul data-path-to-node=\"16\">\n<li>\n<p data-path-to-node=\"16,0,0\"><b data-path-to-node=\"16,0,0\" data-index-in-node=\"0\">Farbe:<\/b> Leuchtendes Strohgelb, durchzogen von einer feinen und anhaltenden Perlage.<\/p>\n<\/li>\n<li>\n<p data-path-to-node=\"16,1,0\"><b data-path-to-node=\"16,1,0\" data-index-in-node=\"0\">Nase:<\/b> Intensiv und einh\u00fcllend. Die floralen und fruchtigen Noten der Rebsorten verschmelzen dank des langen Hefelagers mit eleganten Hefeankl\u00e4ngen.<\/p>\n<\/li>\n<li>\n<p data-path-to-node=\"16,2,0\"><b data-path-to-node=\"16,2,0\" data-index-in-node=\"0\">Gaumen:<\/b> Vollmundig, weich und ausgewogen (Extra Dry). Die typische Frische der Perlage wird durch eine bemerkenswerte Komplexit\u00e4t und ein langes, angenehmes Finale bereichert.<\/p>\n<\/li>\n<\/ul>\n<p data-path-to-node=\"17\"><b data-path-to-node=\"17\" data-index-in-node=\"0\">AGRONOMISCHE DATEN<\/b><\/p>\n<ul data-path-to-node=\"18\">\n<li>\n<p data-path-to-node=\"18,0,0\"><b data-path-to-node=\"18,0,0\" data-index-in-node=\"0\">H\u00f6henlage:<\/b> 50 Meter \u00fcber dem Meeresspiegel.<\/p>\n<\/li>\n<li>\n<p data-path-to-node=\"18,1,0\"><b data-path-to-node=\"18,1,0\" data-index-in-node=\"0\">Lesezeit:<\/b> Von Mitte August bis in die ersten Septembertage. Die Trauben beginnen gegen Mitte August zu reifen und werden bewusst \u00fcber ihre physiologische Reife hinaus am Stock belassen, um dem Produkt mehr Struktur zu verleihen. Die verschiedenen Rebsorten werden separat von Hand gelesen.<\/p>\n<\/li>\n<\/ul>\n<p data-path-to-node=\"19\"><b data-path-to-node=\"19\" data-index-in-node=\"0\">\u00d6NOLOGISCHE DATEN<\/b><\/p>\n<ul data-path-to-node=\"20\">\n<li>\n<p data-path-to-node=\"20,0,0\"><b data-path-to-node=\"20,0,0\" data-index-in-node=\"0\">Vinifikation: <\/b>Die Trauben werden entrappt und schonend gepresst. Nach der statischen Kl\u00e4rung g\u00e4rt der Most temperaturkontrolliert.<\/p>\n<\/li>\n<li>\n<p data-path-to-node=\"20,1,0\"><b data-path-to-node=\"20,1,0\" data-index-in-node=\"0\">Zweite G\u00e4rung und Reifung:<\/b> Zweite G\u00e4rung im langen Charmat-Verfahren f\u00fcr 4 Monate in Kontakt mit der eigenen Hefe, eine Technik, die dem Wein gro\u00dfe Komplexit\u00e4t verleiht. Es folgen die Abf\u00fcllung und eine weitere Flaschenreife von 3 Monaten.<\/p>\n<\/li>\n<\/ul>","protected":false},"excerpt":{"rendered":"<p data-path-to-node=\"11,0,0\">\ud83c\udf47 <b data-path-to-node=\"11,0,0\" data-index-in-node=\"3\">Rebsorte:<\/b> Vermentino, Viognier, Clairette e Chardonnay<\/p>\n<p data-path-to-node=\"11,1,0\">\ud83d\udccd <b data-path-to-node=\"11,1,0\" data-index-in-node=\"3\">Anbaugebiet:<\/b> Collemezzano \u2013 Cecina (LI)<\/p>\n<p data-path-to-node=\"11,2,0\">\ud83c\udf77 <b data-path-to-node=\"11,2,0\" data-index-in-node=\"3\">Alkoholgehalt:<\/b> 12,5% vol.<\/p>\n<p data-path-to-node=\"11,3,0\">\ud83c\udf21\ufe0f <b data-path-to-node=\"11,3,0\" data-index-in-node=\"4\">Trinktemperatur:<\/b> 6-8\u00b0C<\/p>\n<p data-path-to-node=\"11,4,0\">\u23f3 <b data-path-to-node=\"11,4,0\" data-index-in-node=\"2\">Ausbau:<\/b> 4 Monate im Drucktank (langes Charmat-Verfahren) auf der Hefe, 3 Monate in der Flasche<\/p>","protected":false},"featured_media":30292,"template":"redux-templates_contained","meta":[],"product_brand":[],"product_cat":[120],"product_tag":[181,144,179,131,154,178,177,145,168,180],"class_list":{"0":"post-30291","1":"product","2":"type-product","3":"status-publish","4":"has-post-thumbnail","6":"product_cat-spumanti","7":"product_tag-aperitivo","8":"product_tag-azienda-agricola-elisabetta","9":"product_tag-bollicine-toscane","10":"product_tag-cecina","11":"product_tag-chardonnay","12":"product_tag-metodo-charmat","13":"product_tag-spumante-extra-dry","14":"product_tag-tenuta-elisabetta","15":"product_tag-vermentino","16":"product_tag-vino-spumante","17":"layout-4","18":"product-add-to-cart-ajax","20":"first","21":"instock","22":"shipping-taxable","23":"product-type-simple"},"yoast_head":"<!-- This site is optimized with the Yoast SEO plugin v27.2 - https:\/\/yoast.com\/product\/yoast-seo-wordpress\/ -->\n<title>Spumante Extra Dry Toscana | Cantina Azienda Agricola Brunetti<\/title>\n<meta name=\"description\" content=\"Scopri il nostro Vino Spumante Extra Dry. Un elegante blend di Vermentino, Viognier, Clairette e Chardonnay. Bollicine toscane raffinate e complesse.\" \/>\n<meta name=\"robots\" content=\"index, follow, max-snippet:-1, max-image-preview:large, max-video-preview:-1\" \/>\n<link rel=\"canonical\" href=\"https:\/\/www.tenutaelisabetta.it\/de\/prodotti\/spumante-extra-dry\/\" \/>\n<meta property=\"og:locale\" content=\"de_DE\" \/>\n<meta property=\"og:type\" content=\"article\" \/>\n<meta property=\"og:title\" content=\"Spumante Extra Dry Toscana | Cantina Azienda Agricola Brunetti\" \/>\n<meta property=\"og:description\" content=\"Scopri il nostro Vino Spumante Extra Dry. Un elegante blend di Vermentino, Viognier, Clairette e Chardonnay. Bollicine toscane raffinate e complesse.\" \/>\n<meta property=\"og:url\" content=\"https:\/\/www.tenutaelisabetta.it\/de\/prodotti\/spumante-extra-dry\/\" \/>\n<meta property=\"og:site_name\" content=\"Tenuta Elisabetta\" \/>\n<meta property=\"article:publisher\" content=\"https:\/\/www.facebook.com\/agrihotelelisabetta\/\" \/>\n<meta property=\"article:modified_time\" content=\"2026-03-30T07:37:23+00:00\" \/>\n<meta property=\"og:image\" content=\"https:\/\/www.tenutaelisabetta.it\/wp-content\/uploads\/2026\/03\/vino-spumante-extra-dry-azienda-agricola-elisabetta.webp\" \/>\n\t<meta property=\"og:image:width\" content=\"1080\" \/>\n\t<meta property=\"og:image:height\" content=\"1080\" \/>\n\t<meta property=\"og:image:type\" content=\"image\/webp\" \/>\n<meta name=\"twitter:card\" content=\"summary_large_image\" \/>\n<meta name=\"twitter:label1\" content=\"Gesch\u00e4tzte Lesezeit\" \/>\n\t<meta name=\"twitter:data1\" content=\"2\u00a0Minuten\" \/>\n<script type=\"application\/ld+json\" class=\"yoast-schema-graph\">{\"@context\":\"https:\/\/schema.org\",\"@graph\":[{\"@type\":\"WebPage\",\"@id\":\"https:\/\/www.tenutaelisabetta.it\/prodotti\/spumante-extra-dry\/\",\"url\":\"https:\/\/www.tenutaelisabetta.it\/prodotti\/spumante-extra-dry\/\",\"name\":\"Spumante Extra Dry Toscana | Cantina Azienda Agricola Brunetti\",\"isPartOf\":{\"@id\":\"https:\/\/www.tenutaelisabetta.it\/#website\"},\"primaryImageOfPage\":{\"@id\":\"https:\/\/www.tenutaelisabetta.it\/prodotti\/spumante-extra-dry\/#primaryimage\"},\"image\":{\"@id\":\"https:\/\/www.tenutaelisabetta.it\/prodotti\/spumante-extra-dry\/#primaryimage\"},\"thumbnailUrl\":\"https:\/\/www.tenutaelisabetta.it\/wp-content\/uploads\/2026\/03\/vino-spumante-extra-dry-azienda-agricola-elisabetta.webp\",\"datePublished\":\"2026-03-30T07:23:31+00:00\",\"dateModified\":\"2026-03-30T07:37:23+00:00\",\"description\":\"Scopri il nostro Vino Spumante Extra Dry. Un elegante blend di Vermentino, Viognier, Clairette e Chardonnay. Bollicine toscane raffinate e complesse.\",\"breadcrumb\":{\"@id\":\"https:\/\/www.tenutaelisabetta.it\/prodotti\/spumante-extra-dry\/#breadcrumb\"},\"inLanguage\":\"de\",\"potentialAction\":[{\"@type\":\"ReadAction\",\"target\":[\"https:\/\/www.tenutaelisabetta.it\/prodotti\/spumante-extra-dry\/\"]}]},{\"@type\":\"ImageObject\",\"inLanguage\":\"de\",\"@id\":\"https:\/\/www.tenutaelisabetta.it\/prodotti\/spumante-extra-dry\/#primaryimage\",\"url\":\"https:\/\/www.tenutaelisabetta.it\/wp-content\/uploads\/2026\/03\/vino-spumante-extra-dry-azienda-agricola-elisabetta.webp\",\"contentUrl\":\"https:\/\/www.tenutaelisabetta.it\/wp-content\/uploads\/2026\/03\/vino-spumante-extra-dry-azienda-agricola-elisabetta.webp\",\"width\":1080,\"height\":1080,\"caption\":\"Bottiglia di vino spumante extra dry prodotto dall'azienda agricola Elisabetta a Cecina, Toscana\"},{\"@type\":\"BreadcrumbList\",\"@id\":\"https:\/\/www.tenutaelisabetta.it\/prodotti\/spumante-extra-dry\/#breadcrumb\",\"itemListElement\":[{\"@type\":\"ListItem\",\"position\":1,\"name\":\"Home\",\"item\":\"https:\/\/www.tenutaelisabetta.it\/\"},{\"@type\":\"ListItem\",\"position\":2,\"name\":\"Shop\",\"item\":\"https:\/\/www.tenutaelisabetta.it\/shop\/\"},{\"@type\":\"ListItem\",\"position\":3,\"name\":\"Spumante Extra Dry\"}]},{\"@type\":\"WebSite\",\"@id\":\"https:\/\/www.tenutaelisabetta.it\/#website\",\"url\":\"https:\/\/www.tenutaelisabetta.it\/\",\"name\":\"Tenuta Elisabetta\",\"description\":\"Agrihotel, Spa, Wellness Resort\",\"publisher\":{\"@id\":\"https:\/\/www.tenutaelisabetta.it\/#organization\"},\"potentialAction\":[{\"@type\":\"SearchAction\",\"target\":{\"@type\":\"EntryPoint\",\"urlTemplate\":\"https:\/\/www.tenutaelisabetta.it\/?s={search_term_string}\"},\"query-input\":{\"@type\":\"PropertyValueSpecification\",\"valueRequired\":true,\"valueName\":\"search_term_string\"}}],\"inLanguage\":\"de\"},{\"@type\":\"Organization\",\"@id\":\"https:\/\/www.tenutaelisabetta.it\/#organization\",\"name\":\"Tenuta Elisabetta\",\"url\":\"https:\/\/www.tenutaelisabetta.it\/\",\"logo\":{\"@type\":\"ImageObject\",\"inLanguage\":\"de\",\"@id\":\"https:\/\/www.tenutaelisabetta.it\/#\/schema\/logo\/image\/\",\"url\":\"https:\/\/www.tenutaelisabetta.it\/wp-content\/uploads\/2025\/07\/Tenuta-Elisabetta-logo.svg\",\"contentUrl\":\"https:\/\/www.tenutaelisabetta.it\/wp-content\/uploads\/2025\/07\/Tenuta-Elisabetta-logo.svg\",\"width\":419,\"height\":188,\"caption\":\"Tenuta Elisabetta\"},\"image\":{\"@id\":\"https:\/\/www.tenutaelisabetta.it\/#\/schema\/logo\/image\/\"},\"sameAs\":[\"https:\/\/www.facebook.com\/agrihotelelisabetta\/\",\"https:\/\/www.instagram.com\/agrihotelelisabetta\/\"]}]}<\/script>\n<!-- \/ Yoast SEO plugin. -->","yoast_head_json":{"title":"Spumante Extra Dry Toscana | Cantina Azienda Agricola Brunetti","description":"Scopri il nostro Vino Spumante Extra Dry. Un elegante blend di Vermentino, Viognier, Clairette e Chardonnay. Bollicine toscane raffinate e complesse.","robots":{"index":"index","follow":"follow","max-snippet":"max-snippet:-1","max-image-preview":"max-image-preview:large","max-video-preview":"max-video-preview:-1"},"canonical":"https:\/\/www.tenutaelisabetta.it\/de\/prodotti\/spumante-extra-dry\/","og_locale":"de_DE","og_type":"article","og_title":"Spumante Extra Dry Toscana | Cantina Azienda Agricola Brunetti","og_description":"Scopri il nostro Vino Spumante Extra Dry. Un elegante blend di Vermentino, Viognier, Clairette e Chardonnay. Bollicine toscane raffinate e complesse.","og_url":"https:\/\/www.tenutaelisabetta.it\/de\/prodotti\/spumante-extra-dry\/","og_site_name":"Tenuta Elisabetta","article_publisher":"https:\/\/www.facebook.com\/agrihotelelisabetta\/","article_modified_time":"2026-03-30T07:37:23+00:00","og_image":[{"width":1080,"height":1080,"url":"https:\/\/www.tenutaelisabetta.it\/wp-content\/uploads\/2026\/03\/vino-spumante-extra-dry-azienda-agricola-elisabetta.webp","type":"image\/webp"}],"twitter_card":"summary_large_image","twitter_misc":{"Gesch\u00e4tzte Lesezeit":"2\u00a0Minuten"},"schema":{"@context":"https:\/\/schema.org","@graph":[{"@type":"WebPage","@id":"https:\/\/www.tenutaelisabetta.it\/prodotti\/spumante-extra-dry\/","url":"https:\/\/www.tenutaelisabetta.it\/prodotti\/spumante-extra-dry\/","name":"Spumante Extra Dry Toscana | Cantina Azienda Agricola Brunetti","isPartOf":{"@id":"https:\/\/www.tenutaelisabetta.it\/#website"},"primaryImageOfPage":{"@id":"https:\/\/www.tenutaelisabetta.it\/prodotti\/spumante-extra-dry\/#primaryimage"},"image":{"@id":"https:\/\/www.tenutaelisabetta.it\/prodotti\/spumante-extra-dry\/#primaryimage"},"thumbnailUrl":"https:\/\/www.tenutaelisabetta.it\/wp-content\/uploads\/2026\/03\/vino-spumante-extra-dry-azienda-agricola-elisabetta.webp","datePublished":"2026-03-30T07:23:31+00:00","dateModified":"2026-03-30T07:37:23+00:00","description":"Scopri il nostro Vino Spumante Extra Dry. Un elegante blend di Vermentino, Viognier, Clairette e Chardonnay. Bollicine toscane raffinate e complesse.","breadcrumb":{"@id":"https:\/\/www.tenutaelisabetta.it\/prodotti\/spumante-extra-dry\/#breadcrumb"},"inLanguage":"de","potentialAction":[{"@type":"ReadAction","target":["https:\/\/www.tenutaelisabetta.it\/prodotti\/spumante-extra-dry\/"]}]},{"@type":"ImageObject","inLanguage":"de","@id":"https:\/\/www.tenutaelisabetta.it\/prodotti\/spumante-extra-dry\/#primaryimage","url":"https:\/\/www.tenutaelisabetta.it\/wp-content\/uploads\/2026\/03\/vino-spumante-extra-dry-azienda-agricola-elisabetta.webp","contentUrl":"https:\/\/www.tenutaelisabetta.it\/wp-content\/uploads\/2026\/03\/vino-spumante-extra-dry-azienda-agricola-elisabetta.webp","width":1080,"height":1080,"caption":"Bottiglia di vino spumante extra dry prodotto dall'azienda agricola Elisabetta a Cecina, Toscana"},{"@type":"BreadcrumbList","@id":"https:\/\/www.tenutaelisabetta.it\/prodotti\/spumante-extra-dry\/#breadcrumb","itemListElement":[{"@type":"ListItem","position":1,"name":"Home","item":"https:\/\/www.tenutaelisabetta.it\/"},{"@type":"ListItem","position":2,"name":"Shop","item":"https:\/\/www.tenutaelisabetta.it\/shop\/"},{"@type":"ListItem","position":3,"name":"Spumante Extra Dry"}]},{"@type":"WebSite","@id":"https:\/\/www.tenutaelisabetta.it\/#website","url":"https:\/\/www.tenutaelisabetta.it\/","name":"Tenuta Elisabetta","description":"Agrihotel, Spa, Wellness Resort","publisher":{"@id":"https:\/\/www.tenutaelisabetta.it\/#organization"},"potentialAction":[{"@type":"SearchAction","target":{"@type":"EntryPoint","urlTemplate":"https:\/\/www.tenutaelisabetta.it\/?s={search_term_string}"},"query-input":{"@type":"PropertyValueSpecification","valueRequired":true,"valueName":"search_term_string"}}],"inLanguage":"de"},{"@type":"Organization","@id":"https:\/\/www.tenutaelisabetta.it\/#organization","name":"Tenuta Elisabetta","url":"https:\/\/www.tenutaelisabetta.it\/","logo":{"@type":"ImageObject","inLanguage":"de","@id":"https:\/\/www.tenutaelisabetta.it\/#\/schema\/logo\/image\/","url":"https:\/\/www.tenutaelisabetta.it\/wp-content\/uploads\/2025\/07\/Tenuta-Elisabetta-logo.svg","contentUrl":"https:\/\/www.tenutaelisabetta.it\/wp-content\/uploads\/2025\/07\/Tenuta-Elisabetta-logo.svg","width":419,"height":188,"caption":"Tenuta Elisabetta"},"image":{"@id":"https:\/\/www.tenutaelisabetta.it\/#\/schema\/logo\/image\/"},"sameAs":["https:\/\/www.facebook.com\/agrihotelelisabetta\/","https:\/\/www.instagram.com\/agrihotelelisabetta\/"]}]}},"_links":{"self":[{"href":"https:\/\/www.tenutaelisabetta.it\/de\/wp-json\/wp\/v2\/product\/30291","targetHints":{"allow":["GET"]}}],"collection":[{"href":"https:\/\/www.tenutaelisabetta.it\/de\/wp-json\/wp\/v2\/product"}],"about":[{"href":"https:\/\/www.tenutaelisabetta.it\/de\/wp-json\/wp\/v2\/types\/product"}],"version-history":[{"count":1,"href":"https:\/\/www.tenutaelisabetta.it\/de\/wp-json\/wp\/v2\/product\/30291\/revisions"}],"predecessor-version":[{"id":30293,"href":"https:\/\/www.tenutaelisabetta.it\/de\/wp-json\/wp\/v2\/product\/30291\/revisions\/30293"}],"wp:featuredmedia":[{"embeddable":true,"href":"https:\/\/www.tenutaelisabetta.it\/de\/wp-json\/wp\/v2\/media\/30292"}],"wp:attachment":[{"href":"https:\/\/www.tenutaelisabetta.it\/de\/wp-json\/wp\/v2\/media?parent=30291"}],"wp:term":[{"taxonomy":"product_brand","embeddable":true,"href":"https:\/\/www.tenutaelisabetta.it\/de\/wp-json\/wp\/v2\/product_brand?post=30291"},{"taxonomy":"product_cat","embeddable":true,"href":"https:\/\/www.tenutaelisabetta.it\/de\/wp-json\/wp\/v2\/product_cat?post=30291"},{"taxonomy":"product_tag","embeddable":true,"href":"https:\/\/www.tenutaelisabetta.it\/de\/wp-json\/wp\/v2\/product_tag?post=30291"}],"curies":[{"name":"wp","href":"https:\/\/api.w.org\/{rel}","templated":true}]}}