{"id":30294,"date":"2026-03-30T09:39:12","date_gmt":"2026-03-30T07:39:12","guid":{"rendered":"https:\/\/www.tenutaelisabetta.it\/?post_type=product&#038;p=30294"},"modified":"2026-03-30T10:21:57","modified_gmt":"2026-03-30T08:21:57","slug":"grappa-di-aulo","status":"publish","type":"product","link":"https:\/\/www.tenutaelisabetta.it\/de\/prodotti\/grappa-di-aulo\/","title":{"rendered":"Grappa di Aulo"},"content":{"rendered":"<p data-path-to-node=\"15\"><b data-path-to-node=\"15\" data-index-in-node=\"0\">VERKOSTUNGSNOTIZEN<\/b><\/p>\n<ul data-path-to-node=\"16\">\n<li>\n<p data-path-to-node=\"16,0,0\"><b data-path-to-node=\"16,0,0\" data-index-in-node=\"0\">Aspetto:<\/b> Klar und perfekt kristallklar.<\/p>\n<\/li>\n<li>\n<p data-path-to-node=\"16,1,0\"><b data-path-to-node=\"16,1,0\" data-index-in-node=\"0\">Nase:<\/b> Elegant und einh\u00fcllend. Die typischen D\u00fcfte des frischen Tresters verschmelzen harmonisch mit zarten Ankl\u00e4ngen von s\u00fc\u00dfen Trauben und Trockenfr\u00fcchten.<\/p>\n<\/li>\n<li>\n<p data-path-to-node=\"16,2,0\"><b data-path-to-node=\"16,2,0\" data-index-in-node=\"0\">Gaumen:<\/b> Er erf\u00fcllt den Mund mit einer au\u00dfergew\u00f6hnlichen Aromenverschmelzung, die an die Weichheit von Fr\u00fcchten in Sirup erinnert. Ein warmer, runder und \u00fcberaus angenehmer Schluck.<\/p>\n<\/li>\n<\/ul>\n<p data-path-to-node=\"17\"><strong>DESTILLATION UND HERSTELLUNG<\/strong><\/p>\n<ul data-path-to-node=\"18\">\n<li>\n<p data-path-to-node=\"18,0,0\"><b data-path-to-node=\"18,0,0\" data-index-in-node=\"0\">Rohstoff:<\/b> Erstklassige Trester aus den Rebsorten, die f\u00fcr unsere Weine Aulo Bianco und Le Marze Bianco verwendet werden.<\/p>\n<\/li>\n<li>\n<p data-path-to-node=\"18,1,0\"><b data-path-to-node=\"18,1,0\" data-index-in-node=\"0\">Verfahren:<\/b> Unmittelbar nach der Mazeration werden die Trester beim Abstich \u00e4u\u00dferst schonend gepresst. Direkt nach diesem Verarbeitungsschritt, noch reich an Feuchtigkeit und D\u00fcften, werden sie umgehend in die Brennerei transportiert, um ihre absolute Frische zu garantieren.<\/p>\n<\/li>\n<li><b data-path-to-node=\"18,1,0\" data-index-in-node=\"0\">Ausbau:<\/b> Das gewonnene, kostbare Destillat ruht f\u00fcr einige Monate in Edelstahltanks. Sobald es perfekt harmonisiert ist, wird es abgef\u00fcllt und reift in der Flasche weiter, um das maximale geschmackliche Gleichgewicht zu erreichen.<\/li>\n<\/ul>","protected":false},"excerpt":{"rendered":"<p data-path-to-node=\"11,0,0\">\ud83c\udf47 <strong>Trester<\/strong><b data-path-to-node=\"11,0,0\" data-index-in-node=\"3\">:<\/b> Stammend von den Weinen Aulo Bianco und Le Marze Bianco<\/p>\n<p data-path-to-node=\"11,1,0\">\ud83d\udccd <b data-path-to-node=\"11,1,0\" data-index-in-node=\"3\">Anbaugebiet:<\/b> Collemezzano \u2013 Cecina (LI)<\/p>\n<p data-path-to-node=\"11,2,0\">\ud83c\udf77 <b data-path-to-node=\"11,2,0\" data-index-in-node=\"3\">Alkoholgehalt:<\/b> 43% vol.<\/p>\n<p data-path-to-node=\"11,3,0\">\ud83c\udf7e <b data-path-to-node=\"7\" data-index-in-node=\"149\">Flaschengr\u00f6\u00dfe: <\/b>50 cl<\/p>\n<p data-path-to-node=\"11,4,0\">\u23f3 <b data-path-to-node=\"11,4,0\" data-index-in-node=\"2\">Ausbau:<\/b> Im Edelstahl mit anschlie\u00dfender Flaschenruhe<\/p>","protected":false},"featured_media":30295,"template":"redux-templates_contained","meta":[],"product_brand":[],"product_cat":[121],"product_tag":[144,131,184,187,186,182,183,145,185],"class_list":{"0":"post-30294","1":"product","2":"type-product","3":"status-publish","4":"has-post-thumbnail","6":"product_cat-grappe","7":"product_tag-azienda-agricola-elisabetta","8":"product_tag-cecina","9":"product_tag-distillato","10":"product_tag-frutta-sciroppata","11":"product_tag-frutta-secca","12":"product_tag-grappa-bianca","13":"product_tag-grappa-toscana","14":"product_tag-tenuta-elisabetta","15":"product_tag-vinacce-fresche","16":"layout-4","17":"product-add-to-cart-ajax","19":"first","20":"instock","21":"shipping-taxable","22":"product-type-simple"},"yoast_head":"<!-- This site is optimized with the Yoast SEO plugin v27.2 - https:\/\/yoast.com\/product\/yoast-seo-wordpress\/ -->\n<title>Grappa di Aulo Toscana | Distillati Azienda Agricola Brunetti<\/title>\n<meta name=\"description\" content=\"Scopri la Grappa di Aulo, un&#039;elegante grappa toscana bianca ottenuta dalle migliori vinacce fresche della tenuta. Morbida, rotonda e profumata.\" \/>\n<meta name=\"robots\" content=\"index, follow, max-snippet:-1, max-image-preview:large, max-video-preview:-1\" \/>\n<link rel=\"canonical\" href=\"https:\/\/www.tenutaelisabetta.it\/de\/prodotti\/grappa-di-aulo\/\" \/>\n<meta property=\"og:locale\" content=\"de_DE\" \/>\n<meta property=\"og:type\" content=\"article\" \/>\n<meta property=\"og:title\" content=\"Grappa di Aulo Toscana | Distillati Azienda Agricola Brunetti\" \/>\n<meta property=\"og:description\" content=\"Scopri la Grappa di Aulo, un&#039;elegante grappa toscana bianca ottenuta dalle migliori vinacce fresche della tenuta. Morbida, rotonda e profumata.\" \/>\n<meta property=\"og:url\" content=\"https:\/\/www.tenutaelisabetta.it\/de\/prodotti\/grappa-di-aulo\/\" \/>\n<meta property=\"og:site_name\" content=\"Tenuta Elisabetta\" \/>\n<meta property=\"article:publisher\" content=\"https:\/\/www.facebook.com\/agrihotelelisabetta\/\" \/>\n<meta property=\"article:modified_time\" content=\"2026-03-30T08:21:57+00:00\" \/>\n<meta property=\"og:image\" content=\"https:\/\/www.tenutaelisabetta.it\/wp-content\/uploads\/2026\/03\/grappa-di-aulo-azienda-agricola-elisabetta.webp\" \/>\n\t<meta property=\"og:image:width\" content=\"1080\" \/>\n\t<meta property=\"og:image:height\" content=\"1080\" \/>\n\t<meta property=\"og:image:type\" content=\"image\/webp\" \/>\n<meta name=\"twitter:card\" content=\"summary_large_image\" \/>\n<meta name=\"twitter:label1\" content=\"Gesch\u00e4tzte Lesezeit\" \/>\n\t<meta name=\"twitter:data1\" content=\"1\u00a0Minute\" \/>\n<script type=\"application\/ld+json\" class=\"yoast-schema-graph\">{\"@context\":\"https:\/\/schema.org\",\"@graph\":[{\"@type\":\"WebPage\",\"@id\":\"https:\/\/www.tenutaelisabetta.it\/prodotti\/grappa-di-aulo\/\",\"url\":\"https:\/\/www.tenutaelisabetta.it\/prodotti\/grappa-di-aulo\/\",\"name\":\"Grappa di Aulo Toscana | Distillati Azienda Agricola Brunetti\",\"isPartOf\":{\"@id\":\"https:\/\/www.tenutaelisabetta.it\/#website\"},\"primaryImageOfPage\":{\"@id\":\"https:\/\/www.tenutaelisabetta.it\/prodotti\/grappa-di-aulo\/#primaryimage\"},\"image\":{\"@id\":\"https:\/\/www.tenutaelisabetta.it\/prodotti\/grappa-di-aulo\/#primaryimage\"},\"thumbnailUrl\":\"https:\/\/www.tenutaelisabetta.it\/wp-content\/uploads\/2026\/03\/grappa-di-aulo-azienda-agricola-elisabetta.webp\",\"datePublished\":\"2026-03-30T07:39:12+00:00\",\"dateModified\":\"2026-03-30T08:21:57+00:00\",\"description\":\"Scopri la Grappa di Aulo, un'elegante grappa toscana bianca ottenuta dalle migliori vinacce fresche della tenuta. Morbida, rotonda e profumata.\",\"breadcrumb\":{\"@id\":\"https:\/\/www.tenutaelisabetta.it\/prodotti\/grappa-di-aulo\/#breadcrumb\"},\"inLanguage\":\"de\",\"potentialAction\":[{\"@type\":\"ReadAction\",\"target\":[\"https:\/\/www.tenutaelisabetta.it\/prodotti\/grappa-di-aulo\/\"]}]},{\"@type\":\"ImageObject\",\"inLanguage\":\"de\",\"@id\":\"https:\/\/www.tenutaelisabetta.it\/prodotti\/grappa-di-aulo\/#primaryimage\",\"url\":\"https:\/\/www.tenutaelisabetta.it\/wp-content\/uploads\/2026\/03\/grappa-di-aulo-azienda-agricola-elisabetta.webp\",\"contentUrl\":\"https:\/\/www.tenutaelisabetta.it\/wp-content\/uploads\/2026\/03\/grappa-di-aulo-azienda-agricola-elisabetta.webp\",\"width\":1080,\"height\":1080,\"caption\":\"Bottiglia di grappa di aulo prodotta dall'azienda agricola Elisabetta a Cecina, Toscana\"},{\"@type\":\"BreadcrumbList\",\"@id\":\"https:\/\/www.tenutaelisabetta.it\/prodotti\/grappa-di-aulo\/#breadcrumb\",\"itemListElement\":[{\"@type\":\"ListItem\",\"position\":1,\"name\":\"Home\",\"item\":\"https:\/\/www.tenutaelisabetta.it\/\"},{\"@type\":\"ListItem\",\"position\":2,\"name\":\"Shop\",\"item\":\"https:\/\/www.tenutaelisabetta.it\/shop\/\"},{\"@type\":\"ListItem\",\"position\":3,\"name\":\"Grappa di Aulo\"}]},{\"@type\":\"WebSite\",\"@id\":\"https:\/\/www.tenutaelisabetta.it\/#website\",\"url\":\"https:\/\/www.tenutaelisabetta.it\/\",\"name\":\"Tenuta Elisabetta\",\"description\":\"Agrihotel, Spa, Wellness Resort\",\"publisher\":{\"@id\":\"https:\/\/www.tenutaelisabetta.it\/#organization\"},\"potentialAction\":[{\"@type\":\"SearchAction\",\"target\":{\"@type\":\"EntryPoint\",\"urlTemplate\":\"https:\/\/www.tenutaelisabetta.it\/?s={search_term_string}\"},\"query-input\":{\"@type\":\"PropertyValueSpecification\",\"valueRequired\":true,\"valueName\":\"search_term_string\"}}],\"inLanguage\":\"de\"},{\"@type\":\"Organization\",\"@id\":\"https:\/\/www.tenutaelisabetta.it\/#organization\",\"name\":\"Tenuta Elisabetta\",\"url\":\"https:\/\/www.tenutaelisabetta.it\/\",\"logo\":{\"@type\":\"ImageObject\",\"inLanguage\":\"de\",\"@id\":\"https:\/\/www.tenutaelisabetta.it\/#\/schema\/logo\/image\/\",\"url\":\"https:\/\/www.tenutaelisabetta.it\/wp-content\/uploads\/2025\/07\/Tenuta-Elisabetta-logo.svg\",\"contentUrl\":\"https:\/\/www.tenutaelisabetta.it\/wp-content\/uploads\/2025\/07\/Tenuta-Elisabetta-logo.svg\",\"width\":419,\"height\":188,\"caption\":\"Tenuta Elisabetta\"},\"image\":{\"@id\":\"https:\/\/www.tenutaelisabetta.it\/#\/schema\/logo\/image\/\"},\"sameAs\":[\"https:\/\/www.facebook.com\/agrihotelelisabetta\/\",\"https:\/\/www.instagram.com\/agrihotelelisabetta\/\"]}]}<\/script>\n<!-- \/ Yoast SEO plugin. -->","yoast_head_json":{"title":"Grappa di Aulo Toscana | Distillati Azienda Agricola Brunetti","description":"Scopri la Grappa di Aulo, un'elegante grappa toscana bianca ottenuta dalle migliori vinacce fresche della tenuta. Morbida, rotonda e profumata.","robots":{"index":"index","follow":"follow","max-snippet":"max-snippet:-1","max-image-preview":"max-image-preview:large","max-video-preview":"max-video-preview:-1"},"canonical":"https:\/\/www.tenutaelisabetta.it\/de\/prodotti\/grappa-di-aulo\/","og_locale":"de_DE","og_type":"article","og_title":"Grappa di Aulo Toscana | Distillati Azienda Agricola Brunetti","og_description":"Scopri la Grappa di Aulo, un'elegante grappa toscana bianca ottenuta dalle migliori vinacce fresche della tenuta. Morbida, rotonda e profumata.","og_url":"https:\/\/www.tenutaelisabetta.it\/de\/prodotti\/grappa-di-aulo\/","og_site_name":"Tenuta Elisabetta","article_publisher":"https:\/\/www.facebook.com\/agrihotelelisabetta\/","article_modified_time":"2026-03-30T08:21:57+00:00","og_image":[{"width":1080,"height":1080,"url":"https:\/\/www.tenutaelisabetta.it\/wp-content\/uploads\/2026\/03\/grappa-di-aulo-azienda-agricola-elisabetta.webp","type":"image\/webp"}],"twitter_card":"summary_large_image","twitter_misc":{"Gesch\u00e4tzte Lesezeit":"1\u00a0Minute"},"schema":{"@context":"https:\/\/schema.org","@graph":[{"@type":"WebPage","@id":"https:\/\/www.tenutaelisabetta.it\/prodotti\/grappa-di-aulo\/","url":"https:\/\/www.tenutaelisabetta.it\/prodotti\/grappa-di-aulo\/","name":"Grappa di Aulo Toscana | Distillati Azienda Agricola Brunetti","isPartOf":{"@id":"https:\/\/www.tenutaelisabetta.it\/#website"},"primaryImageOfPage":{"@id":"https:\/\/www.tenutaelisabetta.it\/prodotti\/grappa-di-aulo\/#primaryimage"},"image":{"@id":"https:\/\/www.tenutaelisabetta.it\/prodotti\/grappa-di-aulo\/#primaryimage"},"thumbnailUrl":"https:\/\/www.tenutaelisabetta.it\/wp-content\/uploads\/2026\/03\/grappa-di-aulo-azienda-agricola-elisabetta.webp","datePublished":"2026-03-30T07:39:12+00:00","dateModified":"2026-03-30T08:21:57+00:00","description":"Scopri la Grappa di Aulo, un'elegante grappa toscana bianca ottenuta dalle migliori vinacce fresche della tenuta. Morbida, rotonda e profumata.","breadcrumb":{"@id":"https:\/\/www.tenutaelisabetta.it\/prodotti\/grappa-di-aulo\/#breadcrumb"},"inLanguage":"de","potentialAction":[{"@type":"ReadAction","target":["https:\/\/www.tenutaelisabetta.it\/prodotti\/grappa-di-aulo\/"]}]},{"@type":"ImageObject","inLanguage":"de","@id":"https:\/\/www.tenutaelisabetta.it\/prodotti\/grappa-di-aulo\/#primaryimage","url":"https:\/\/www.tenutaelisabetta.it\/wp-content\/uploads\/2026\/03\/grappa-di-aulo-azienda-agricola-elisabetta.webp","contentUrl":"https:\/\/www.tenutaelisabetta.it\/wp-content\/uploads\/2026\/03\/grappa-di-aulo-azienda-agricola-elisabetta.webp","width":1080,"height":1080,"caption":"Bottiglia di grappa di aulo prodotta dall'azienda agricola Elisabetta a Cecina, Toscana"},{"@type":"BreadcrumbList","@id":"https:\/\/www.tenutaelisabetta.it\/prodotti\/grappa-di-aulo\/#breadcrumb","itemListElement":[{"@type":"ListItem","position":1,"name":"Home","item":"https:\/\/www.tenutaelisabetta.it\/"},{"@type":"ListItem","position":2,"name":"Shop","item":"https:\/\/www.tenutaelisabetta.it\/shop\/"},{"@type":"ListItem","position":3,"name":"Grappa di Aulo"}]},{"@type":"WebSite","@id":"https:\/\/www.tenutaelisabetta.it\/#website","url":"https:\/\/www.tenutaelisabetta.it\/","name":"Tenuta Elisabetta","description":"Agrihotel, Spa, Wellness Resort","publisher":{"@id":"https:\/\/www.tenutaelisabetta.it\/#organization"},"potentialAction":[{"@type":"SearchAction","target":{"@type":"EntryPoint","urlTemplate":"https:\/\/www.tenutaelisabetta.it\/?s={search_term_string}"},"query-input":{"@type":"PropertyValueSpecification","valueRequired":true,"valueName":"search_term_string"}}],"inLanguage":"de"},{"@type":"Organization","@id":"https:\/\/www.tenutaelisabetta.it\/#organization","name":"Tenuta Elisabetta","url":"https:\/\/www.tenutaelisabetta.it\/","logo":{"@type":"ImageObject","inLanguage":"de","@id":"https:\/\/www.tenutaelisabetta.it\/#\/schema\/logo\/image\/","url":"https:\/\/www.tenutaelisabetta.it\/wp-content\/uploads\/2025\/07\/Tenuta-Elisabetta-logo.svg","contentUrl":"https:\/\/www.tenutaelisabetta.it\/wp-content\/uploads\/2025\/07\/Tenuta-Elisabetta-logo.svg","width":419,"height":188,"caption":"Tenuta Elisabetta"},"image":{"@id":"https:\/\/www.tenutaelisabetta.it\/#\/schema\/logo\/image\/"},"sameAs":["https:\/\/www.facebook.com\/agrihotelelisabetta\/","https:\/\/www.instagram.com\/agrihotelelisabetta\/"]}]}},"_links":{"self":[{"href":"https:\/\/www.tenutaelisabetta.it\/de\/wp-json\/wp\/v2\/product\/30294","targetHints":{"allow":["GET"]}}],"collection":[{"href":"https:\/\/www.tenutaelisabetta.it\/de\/wp-json\/wp\/v2\/product"}],"about":[{"href":"https:\/\/www.tenutaelisabetta.it\/de\/wp-json\/wp\/v2\/types\/product"}],"version-history":[{"count":2,"href":"https:\/\/www.tenutaelisabetta.it\/de\/wp-json\/wp\/v2\/product\/30294\/revisions"}],"predecessor-version":[{"id":30297,"href":"https:\/\/www.tenutaelisabetta.it\/de\/wp-json\/wp\/v2\/product\/30294\/revisions\/30297"}],"wp:featuredmedia":[{"embeddable":true,"href":"https:\/\/www.tenutaelisabetta.it\/de\/wp-json\/wp\/v2\/media\/30295"}],"wp:attachment":[{"href":"https:\/\/www.tenutaelisabetta.it\/de\/wp-json\/wp\/v2\/media?parent=30294"}],"wp:term":[{"taxonomy":"product_brand","embeddable":true,"href":"https:\/\/www.tenutaelisabetta.it\/de\/wp-json\/wp\/v2\/product_brand?post=30294"},{"taxonomy":"product_cat","embeddable":true,"href":"https:\/\/www.tenutaelisabetta.it\/de\/wp-json\/wp\/v2\/product_cat?post=30294"},{"taxonomy":"product_tag","embeddable":true,"href":"https:\/\/www.tenutaelisabetta.it\/de\/wp-json\/wp\/v2\/product_tag?post=30294"}],"curies":[{"name":"wp","href":"https:\/\/api.w.org\/{rel}","templated":true}]}}