{"id":30298,"date":"2026-03-30T10:23:23","date_gmt":"2026-03-30T08:23:23","guid":{"rendered":"https:\/\/www.tenutaelisabetta.it\/?post_type=product&#038;p=30298"},"modified":"2026-03-30T10:32:10","modified_gmt":"2026-03-30T08:32:10","slug":"grappa-riserva","status":"publish","type":"product","link":"https:\/\/www.tenutaelisabetta.it\/de\/prodotti\/grappa-riserva\/","title":{"rendered":"Grappa Riserva"},"content":{"rendered":"<p data-path-to-node=\"15\"><b data-path-to-node=\"15\" data-index-in-node=\"0\">VERKOSTUNGSNOTIZEN<\/b><\/p>\n<ul data-path-to-node=\"16\">\n<li>\n<p data-path-to-node=\"16,0,0\"><b data-path-to-node=\"16,0,0\" data-index-in-node=\"0\">Farbe:<\/b> Intensives Goldgelb, veredelt durch warme und gl\u00e4nzende br\u00e4unliche Reflexe, die ihm das Holz verleiht.<\/p>\n<\/li>\n<li>\n<p data-path-to-node=\"16,1,0\"><b data-path-to-node=\"16,1,0\" data-index-in-node=\"0\">Nase:<\/b> Komplex und einh\u00fcllend. Er verstr\u00f6mt elegante D\u00fcfte von edlen Harzen und s\u00fc\u00dfer Vanille, bereichert durch verf\u00fchrerische Ankl\u00e4nge von Lakritze.<\/p>\n<\/li>\n<li>\n<p data-path-to-node=\"16,2,0\"><b data-path-to-node=\"16,2,0\" data-index-in-node=\"0\">Gaumen:<\/b> Am Gaumen entfaltet sich die wohlige W\u00e4rme des Alkohols weich und geschmeidig, um dann reichlich Platz f\u00fcr ein Finale voller w\u00fcrziger Noten und Pflaumenkonfit\u00fcre zu machen.<\/p>\n<\/li>\n<\/ul>\n<p data-path-to-node=\"17\"><strong>DESTILLATION UND HERSTELLUNG<\/strong><\/p>\n<ul data-path-to-node=\"18\">\n<li>\n<p data-path-to-node=\"18,0,0\"><b data-path-to-node=\"18,0,0\" data-index-in-node=\"0\">Rohstoff:<\/b> Trester von h\u00f6chster Qualit\u00e4t, gewonnen nach der langen Maischestandzeit der Trauben, die f\u00fcr unsere strukturiertesten Rotweine bestimmt sind.<\/p>\n<\/li>\n<li>\n<p data-path-to-node=\"18,1,0\"><b data-path-to-node=\"18,1,0\" data-index-in-node=\"0\">Verfahren:<\/b> Nach dem Abstich werden die Trester \u00e4u\u00dferst schonend gepresst und sofort f\u00fcr den Transport in die Brennerei verladen, wodurch ihre absolute Frische und aromatische Unversehrtheit garantiert werden.<\/p>\n<\/li>\n<li><b data-path-to-node=\"18,1,0\" data-index-in-node=\"0\">Ausbau:<\/b> Nach der Destillation ruht der hochprozentige Grappa f\u00fcr mindestens zwei Jahre in kleinen Eichenf\u00e4ssern. Beim Umf\u00fcllen wird er meisterhaft auf Trinkst\u00e4rke eingestellt, um den perfekten Alkoholgehalt (43 %) zu erreichen, und vollendet seinen Weg mit einigen Monaten Flaschenreife, um das maximale geschmackliche Gleichgewicht zu finden.<\/li>\n<\/ul>","protected":false},"excerpt":{"rendered":"<p data-path-to-node=\"11,0,0\">\ud83c\udf47 <strong>Trester<\/strong><b data-path-to-node=\"11,0,0\" data-index-in-node=\"3\">:<\/b> Stammend von unseren gro\u00dfen Rotweinen (Le Marze Rosso und Brunetti Rosso)<\/p>\n<p data-path-to-node=\"11,1,0\">\ud83d\udccd <b data-path-to-node=\"11,1,0\" data-index-in-node=\"3\">Anbaugebiet:<\/b> Collemezzano \u2013 Cecina (LI)<\/p>\n<p data-path-to-node=\"11,2,0\">\ud83c\udf77 <b data-path-to-node=\"11,2,0\" data-index-in-node=\"3\">Alkoholgehalt:<\/b> 43% vol.<\/p>\n<p data-path-to-node=\"11,3,0\">\ud83c\udf7e <b data-path-to-node=\"7\" data-index-in-node=\"149\">Flaschengr\u00f6\u00dfe: <\/b>50 cl<\/p>\n<p data-path-to-node=\"11,4,0\">\u23f3 <b data-path-to-node=\"11,4,0\" data-index-in-node=\"2\">Ausbau:<\/b> 2 Jahre in kleinen Barriques aus Eichenholz, danach in der Flasche<\/p>","protected":false},"featured_media":30299,"template":"redux-templates_contained","meta":[],"product_brand":[],"product_cat":[121],"product_tag":[144,131,192,184,187,186,182,188,183,189,191,145,190,185],"class_list":{"0":"post-30298","1":"product","2":"type-product","3":"status-publish","4":"has-post-thumbnail","6":"product_cat-grappe","7":"product_tag-azienda-agricola-elisabetta","8":"product_tag-cecina","9":"product_tag-confettura-di-prugne","10":"product_tag-distillato","11":"product_tag-frutta-sciroppata","12":"product_tag-frutta-secca","13":"product_tag-grappa-bianca","14":"product_tag-grappa-riserva","15":"product_tag-grappa-toscana","16":"product_tag-invecchiata-in-barrique","17":"product_tag-liquirizia","18":"product_tag-tenuta-elisabetta","19":"product_tag-vaniglia","20":"product_tag-vinacce-fresche","21":"layout-4","22":"product-add-to-cart-ajax","24":"first","25":"instock","26":"shipping-taxable","27":"product-type-simple"},"yoast_head":"<!-- This site is optimized with the Yoast SEO plugin v27.2 - https:\/\/yoast.com\/product\/yoast-seo-wordpress\/ -->\n<title>Grappa Riserva Toscana Invecchiata in Barrique | Cantina Brunetti<\/title>\n<meta name=\"description\" content=\"Scopri la Grappa Riserva Brunetti. Un elegante distillato toscano invecchiato 2 anni in barrique di rovere. Calda, morbida, con note di vaniglia e prugna.\" \/>\n<meta name=\"robots\" content=\"index, follow, max-snippet:-1, max-image-preview:large, max-video-preview:-1\" \/>\n<link rel=\"canonical\" href=\"https:\/\/www.tenutaelisabetta.it\/de\/prodotti\/grappa-riserva\/\" \/>\n<meta property=\"og:locale\" content=\"de_DE\" \/>\n<meta property=\"og:type\" content=\"article\" \/>\n<meta property=\"og:title\" content=\"Grappa Riserva Toscana Invecchiata in Barrique | Cantina Brunetti\" \/>\n<meta property=\"og:description\" content=\"Scopri la Grappa Riserva Brunetti. Un elegante distillato toscano invecchiato 2 anni in barrique di rovere. Calda, morbida, con note di vaniglia e prugna.\" \/>\n<meta property=\"og:url\" content=\"https:\/\/www.tenutaelisabetta.it\/de\/prodotti\/grappa-riserva\/\" \/>\n<meta property=\"og:site_name\" content=\"Tenuta Elisabetta\" \/>\n<meta property=\"article:publisher\" content=\"https:\/\/www.facebook.com\/agrihotelelisabetta\/\" \/>\n<meta property=\"article:modified_time\" content=\"2026-03-30T08:32:10+00:00\" \/>\n<meta property=\"og:image\" content=\"https:\/\/www.tenutaelisabetta.it\/wp-content\/uploads\/2026\/03\/grappa-riserva-azienda-agricola-elisabetta.webp\" \/>\n\t<meta property=\"og:image:width\" content=\"1080\" \/>\n\t<meta property=\"og:image:height\" content=\"1080\" \/>\n\t<meta property=\"og:image:type\" content=\"image\/webp\" \/>\n<meta name=\"twitter:card\" content=\"summary_large_image\" \/>\n<meta name=\"twitter:label1\" content=\"Gesch\u00e4tzte Lesezeit\" \/>\n\t<meta name=\"twitter:data1\" content=\"2\u00a0Minuten\" \/>\n<script type=\"application\/ld+json\" class=\"yoast-schema-graph\">{\"@context\":\"https:\/\/schema.org\",\"@graph\":[{\"@type\":\"WebPage\",\"@id\":\"https:\/\/www.tenutaelisabetta.it\/prodotti\/grappa-riserva\/\",\"url\":\"https:\/\/www.tenutaelisabetta.it\/prodotti\/grappa-riserva\/\",\"name\":\"Grappa Riserva Toscana Invecchiata in Barrique | Cantina Brunetti\",\"isPartOf\":{\"@id\":\"https:\/\/www.tenutaelisabetta.it\/#website\"},\"primaryImageOfPage\":{\"@id\":\"https:\/\/www.tenutaelisabetta.it\/prodotti\/grappa-riserva\/#primaryimage\"},\"image\":{\"@id\":\"https:\/\/www.tenutaelisabetta.it\/prodotti\/grappa-riserva\/#primaryimage\"},\"thumbnailUrl\":\"https:\/\/www.tenutaelisabetta.it\/wp-content\/uploads\/2026\/03\/grappa-riserva-azienda-agricola-elisabetta.webp\",\"datePublished\":\"2026-03-30T08:23:23+00:00\",\"dateModified\":\"2026-03-30T08:32:10+00:00\",\"description\":\"Scopri la Grappa Riserva Brunetti. Un elegante distillato toscano invecchiato 2 anni in barrique di rovere. Calda, morbida, con note di vaniglia e prugna.\",\"breadcrumb\":{\"@id\":\"https:\/\/www.tenutaelisabetta.it\/prodotti\/grappa-riserva\/#breadcrumb\"},\"inLanguage\":\"de\",\"potentialAction\":[{\"@type\":\"ReadAction\",\"target\":[\"https:\/\/www.tenutaelisabetta.it\/prodotti\/grappa-riserva\/\"]}]},{\"@type\":\"ImageObject\",\"inLanguage\":\"de\",\"@id\":\"https:\/\/www.tenutaelisabetta.it\/prodotti\/grappa-riserva\/#primaryimage\",\"url\":\"https:\/\/www.tenutaelisabetta.it\/wp-content\/uploads\/2026\/03\/grappa-riserva-azienda-agricola-elisabetta.webp\",\"contentUrl\":\"https:\/\/www.tenutaelisabetta.it\/wp-content\/uploads\/2026\/03\/grappa-riserva-azienda-agricola-elisabetta.webp\",\"width\":1080,\"height\":1080,\"caption\":\"Bottiglia di grappa riserva prodotta dall'azienda agricola Elisabetta a Cecina, Toscana\"},{\"@type\":\"BreadcrumbList\",\"@id\":\"https:\/\/www.tenutaelisabetta.it\/prodotti\/grappa-riserva\/#breadcrumb\",\"itemListElement\":[{\"@type\":\"ListItem\",\"position\":1,\"name\":\"Home\",\"item\":\"https:\/\/www.tenutaelisabetta.it\/\"},{\"@type\":\"ListItem\",\"position\":2,\"name\":\"Shop\",\"item\":\"https:\/\/www.tenutaelisabetta.it\/shop\/\"},{\"@type\":\"ListItem\",\"position\":3,\"name\":\"Grappa Riserva\"}]},{\"@type\":\"WebSite\",\"@id\":\"https:\/\/www.tenutaelisabetta.it\/#website\",\"url\":\"https:\/\/www.tenutaelisabetta.it\/\",\"name\":\"Tenuta Elisabetta\",\"description\":\"Agrihotel, Spa, Wellness Resort\",\"publisher\":{\"@id\":\"https:\/\/www.tenutaelisabetta.it\/#organization\"},\"potentialAction\":[{\"@type\":\"SearchAction\",\"target\":{\"@type\":\"EntryPoint\",\"urlTemplate\":\"https:\/\/www.tenutaelisabetta.it\/?s={search_term_string}\"},\"query-input\":{\"@type\":\"PropertyValueSpecification\",\"valueRequired\":true,\"valueName\":\"search_term_string\"}}],\"inLanguage\":\"de\"},{\"@type\":\"Organization\",\"@id\":\"https:\/\/www.tenutaelisabetta.it\/#organization\",\"name\":\"Tenuta Elisabetta\",\"url\":\"https:\/\/www.tenutaelisabetta.it\/\",\"logo\":{\"@type\":\"ImageObject\",\"inLanguage\":\"de\",\"@id\":\"https:\/\/www.tenutaelisabetta.it\/#\/schema\/logo\/image\/\",\"url\":\"https:\/\/www.tenutaelisabetta.it\/wp-content\/uploads\/2025\/07\/Tenuta-Elisabetta-logo.svg\",\"contentUrl\":\"https:\/\/www.tenutaelisabetta.it\/wp-content\/uploads\/2025\/07\/Tenuta-Elisabetta-logo.svg\",\"width\":419,\"height\":188,\"caption\":\"Tenuta Elisabetta\"},\"image\":{\"@id\":\"https:\/\/www.tenutaelisabetta.it\/#\/schema\/logo\/image\/\"},\"sameAs\":[\"https:\/\/www.facebook.com\/agrihotelelisabetta\/\",\"https:\/\/www.instagram.com\/agrihotelelisabetta\/\"]}]}<\/script>\n<!-- \/ Yoast SEO plugin. -->","yoast_head_json":{"title":"Grappa Riserva Toscana Invecchiata in Barrique | Cantina Brunetti","description":"Scopri la Grappa Riserva Brunetti. Un elegante distillato toscano invecchiato 2 anni in barrique di rovere. Calda, morbida, con note di vaniglia e prugna.","robots":{"index":"index","follow":"follow","max-snippet":"max-snippet:-1","max-image-preview":"max-image-preview:large","max-video-preview":"max-video-preview:-1"},"canonical":"https:\/\/www.tenutaelisabetta.it\/de\/prodotti\/grappa-riserva\/","og_locale":"de_DE","og_type":"article","og_title":"Grappa Riserva Toscana Invecchiata in Barrique | Cantina Brunetti","og_description":"Scopri la Grappa Riserva Brunetti. Un elegante distillato toscano invecchiato 2 anni in barrique di rovere. Calda, morbida, con note di vaniglia e prugna.","og_url":"https:\/\/www.tenutaelisabetta.it\/de\/prodotti\/grappa-riserva\/","og_site_name":"Tenuta Elisabetta","article_publisher":"https:\/\/www.facebook.com\/agrihotelelisabetta\/","article_modified_time":"2026-03-30T08:32:10+00:00","og_image":[{"width":1080,"height":1080,"url":"https:\/\/www.tenutaelisabetta.it\/wp-content\/uploads\/2026\/03\/grappa-riserva-azienda-agricola-elisabetta.webp","type":"image\/webp"}],"twitter_card":"summary_large_image","twitter_misc":{"Gesch\u00e4tzte Lesezeit":"2\u00a0Minuten"},"schema":{"@context":"https:\/\/schema.org","@graph":[{"@type":"WebPage","@id":"https:\/\/www.tenutaelisabetta.it\/prodotti\/grappa-riserva\/","url":"https:\/\/www.tenutaelisabetta.it\/prodotti\/grappa-riserva\/","name":"Grappa Riserva Toscana Invecchiata in Barrique | Cantina Brunetti","isPartOf":{"@id":"https:\/\/www.tenutaelisabetta.it\/#website"},"primaryImageOfPage":{"@id":"https:\/\/www.tenutaelisabetta.it\/prodotti\/grappa-riserva\/#primaryimage"},"image":{"@id":"https:\/\/www.tenutaelisabetta.it\/prodotti\/grappa-riserva\/#primaryimage"},"thumbnailUrl":"https:\/\/www.tenutaelisabetta.it\/wp-content\/uploads\/2026\/03\/grappa-riserva-azienda-agricola-elisabetta.webp","datePublished":"2026-03-30T08:23:23+00:00","dateModified":"2026-03-30T08:32:10+00:00","description":"Scopri la Grappa Riserva Brunetti. Un elegante distillato toscano invecchiato 2 anni in barrique di rovere. Calda, morbida, con note di vaniglia e prugna.","breadcrumb":{"@id":"https:\/\/www.tenutaelisabetta.it\/prodotti\/grappa-riserva\/#breadcrumb"},"inLanguage":"de","potentialAction":[{"@type":"ReadAction","target":["https:\/\/www.tenutaelisabetta.it\/prodotti\/grappa-riserva\/"]}]},{"@type":"ImageObject","inLanguage":"de","@id":"https:\/\/www.tenutaelisabetta.it\/prodotti\/grappa-riserva\/#primaryimage","url":"https:\/\/www.tenutaelisabetta.it\/wp-content\/uploads\/2026\/03\/grappa-riserva-azienda-agricola-elisabetta.webp","contentUrl":"https:\/\/www.tenutaelisabetta.it\/wp-content\/uploads\/2026\/03\/grappa-riserva-azienda-agricola-elisabetta.webp","width":1080,"height":1080,"caption":"Bottiglia di grappa riserva prodotta dall'azienda agricola Elisabetta a Cecina, Toscana"},{"@type":"BreadcrumbList","@id":"https:\/\/www.tenutaelisabetta.it\/prodotti\/grappa-riserva\/#breadcrumb","itemListElement":[{"@type":"ListItem","position":1,"name":"Home","item":"https:\/\/www.tenutaelisabetta.it\/"},{"@type":"ListItem","position":2,"name":"Shop","item":"https:\/\/www.tenutaelisabetta.it\/shop\/"},{"@type":"ListItem","position":3,"name":"Grappa Riserva"}]},{"@type":"WebSite","@id":"https:\/\/www.tenutaelisabetta.it\/#website","url":"https:\/\/www.tenutaelisabetta.it\/","name":"Tenuta Elisabetta","description":"Agrihotel, Spa, Wellness Resort","publisher":{"@id":"https:\/\/www.tenutaelisabetta.it\/#organization"},"potentialAction":[{"@type":"SearchAction","target":{"@type":"EntryPoint","urlTemplate":"https:\/\/www.tenutaelisabetta.it\/?s={search_term_string}"},"query-input":{"@type":"PropertyValueSpecification","valueRequired":true,"valueName":"search_term_string"}}],"inLanguage":"de"},{"@type":"Organization","@id":"https:\/\/www.tenutaelisabetta.it\/#organization","name":"Tenuta Elisabetta","url":"https:\/\/www.tenutaelisabetta.it\/","logo":{"@type":"ImageObject","inLanguage":"de","@id":"https:\/\/www.tenutaelisabetta.it\/#\/schema\/logo\/image\/","url":"https:\/\/www.tenutaelisabetta.it\/wp-content\/uploads\/2025\/07\/Tenuta-Elisabetta-logo.svg","contentUrl":"https:\/\/www.tenutaelisabetta.it\/wp-content\/uploads\/2025\/07\/Tenuta-Elisabetta-logo.svg","width":419,"height":188,"caption":"Tenuta Elisabetta"},"image":{"@id":"https:\/\/www.tenutaelisabetta.it\/#\/schema\/logo\/image\/"},"sameAs":["https:\/\/www.facebook.com\/agrihotelelisabetta\/","https:\/\/www.instagram.com\/agrihotelelisabetta\/"]}]}},"_links":{"self":[{"href":"https:\/\/www.tenutaelisabetta.it\/de\/wp-json\/wp\/v2\/product\/30298","targetHints":{"allow":["GET"]}}],"collection":[{"href":"https:\/\/www.tenutaelisabetta.it\/de\/wp-json\/wp\/v2\/product"}],"about":[{"href":"https:\/\/www.tenutaelisabetta.it\/de\/wp-json\/wp\/v2\/types\/product"}],"version-history":[{"count":1,"href":"https:\/\/www.tenutaelisabetta.it\/de\/wp-json\/wp\/v2\/product\/30298\/revisions"}],"predecessor-version":[{"id":30300,"href":"https:\/\/www.tenutaelisabetta.it\/de\/wp-json\/wp\/v2\/product\/30298\/revisions\/30300"}],"wp:featuredmedia":[{"embeddable":true,"href":"https:\/\/www.tenutaelisabetta.it\/de\/wp-json\/wp\/v2\/media\/30299"}],"wp:attachment":[{"href":"https:\/\/www.tenutaelisabetta.it\/de\/wp-json\/wp\/v2\/media?parent=30298"}],"wp:term":[{"taxonomy":"product_brand","embeddable":true,"href":"https:\/\/www.tenutaelisabetta.it\/de\/wp-json\/wp\/v2\/product_brand?post=30298"},{"taxonomy":"product_cat","embeddable":true,"href":"https:\/\/www.tenutaelisabetta.it\/de\/wp-json\/wp\/v2\/product_cat?post=30298"},{"taxonomy":"product_tag","embeddable":true,"href":"https:\/\/www.tenutaelisabetta.it\/de\/wp-json\/wp\/v2\/product_tag?post=30298"}],"curies":[{"name":"wp","href":"https:\/\/api.w.org\/{rel}","templated":true}]}}