{"id":30301,"date":"2026-03-30T10:32:52","date_gmt":"2026-03-30T08:32:52","guid":{"rendered":"https:\/\/www.tenutaelisabetta.it\/?post_type=product&#038;p=30301"},"modified":"2026-03-30T10:40:20","modified_gmt":"2026-03-30T08:40:20","slug":"olio-extra-vergine-di-oliva","status":"publish","type":"product","link":"https:\/\/www.tenutaelisabetta.it\/de\/prodotti\/olio-extra-vergine-di-oliva\/","title":{"rendered":"Olio Extra Vergine di Oliva"},"content":{"rendered":"<p data-path-to-node=\"15\"><b data-path-to-node=\"15\" data-index-in-node=\"0\">VERKOSTUNGSNOTIZEN<\/b><\/p>\n<ul data-path-to-node=\"16\">\n<li>\n<p data-path-to-node=\"16,0,0\"><b data-path-to-node=\"16,0,0\" data-index-in-node=\"0\">Farbe:<\/b> Leuchtendes Gr\u00fcn von guter Intensit\u00e4t.<\/p>\n<\/li>\n<li>\n<p data-path-to-node=\"16,1,0\"><b data-path-to-node=\"16,1,0\" data-index-in-node=\"0\">Nase:<\/b> Reichhaltig und einh\u00fcllend. Es verstr\u00f6mt lebhafte vegetabile D\u00fcfte, die an frische Olivenpaste und frisch geschnittene Karde erinnern.<\/p>\n<\/li>\n<li>\n<p data-path-to-node=\"16,2,0\"><b data-path-to-node=\"16,2,0\" data-index-in-node=\"0\">Gaumen:<\/b> Voll, harmonisch und reichhaltig am Gaumen. Pur verkostet zeigt er den ganzen Charakter eines typisch toskanischen Oliven\u00f6ls: s\u00fc\u00df und frisch im Auftakt, schlie\u00dft er mit einer angenehmen und entschiedenen pikanten Note im Abgang.<\/p>\n<\/li>\n<\/ul>\n<p data-path-to-node=\"17\"><strong>HERSTELLUNG UND ERNTE<\/strong><\/p>\n<ul data-path-to-node=\"18\">\n<li>\n<p data-path-to-node=\"18,0,0\"><b data-path-to-node=\"18,0,0\" data-index-in-node=\"0\">Der Olivenhain:<\/b> Das \u00d6l des Gutes stammt aus einer modernen Anlage, die nach strengen, auf Exzellenz ausgerichteten Kriterien konzipiert und bewirtschaftet wird. Ein eigens installiertes Bew\u00e4sserungssystem sch\u00fctzt die Pflanzen vor Wasserstress w\u00e4hrend der f\u00fcr die Region typischen langen Trockenperioden und garantiert so eine optimale Entwicklung der Fr\u00fcchte.<\/p>\n<\/li>\n<li>\n<p data-path-to-node=\"18,1,0\"><b data-path-to-node=\"18,1,0\" data-index-in-node=\"0\">Erntezeitpunkt:<\/b> Die Olivenernte erfolgt unmittelbar nach der Weinlese im Oktober.<\/p>\n<\/li>\n<li><b data-path-to-node=\"18,1,0\" data-index-in-node=\"0\">Verarbeitung:<\/b> Die Ernte erfolgt streng von Hand, um die Fr\u00fcchte nicht zu besch\u00e4digen, welche behutsam in kleine Lochkisten gelegt werden. Innerhalb von nur 24 Stunden nach der Ernte werden die Oliven in die \u00d6lm\u00fchle gebracht und kalt gepresst, um ein \u00d6l von reinster Qualit\u00e4t und sehr niedrigem S\u00e4uregehalt zu gewinnen.<\/li>\n<\/ul>","protected":false},"excerpt":{"rendered":"<p data-path-to-node=\"11,0,0\"><b data-path-to-node=\"11,0,0\" data-index-in-node=\"3\">\ud83e\uded2 Produkt:<\/b> Olio Extra Vergine di Oliva<\/p>\n<p data-path-to-node=\"11,1,0\">\ud83d\udccd <b data-path-to-node=\"11,1,0\" data-index-in-node=\"3\">Anbaugebiet:<\/b> Collemezzano \u2013 Cecina (LI)<\/p>\n<p data-path-to-node=\"11,2,0\"><b data-path-to-node=\"11,2,0\" data-index-in-node=\"3\">\ud83c\udf3f Erntemethode:<\/b> Handlese in kleinen Kisten<\/p>\n<p data-path-to-node=\"11,3,0\"><b data-path-to-node=\"7\" data-index-in-node=\"149\">\u2699\ufe0f Pressung: <\/b>Innerhalb von 24 Stunden nach der Ernte, um die h\u00f6chste Qualit\u00e4t zu bewahren<\/p>","protected":false},"featured_media":30302,"template":"redux-templates_contained","meta":[],"product_brand":[],"product_cat":[122],"product_tag":[144,198,131,197,195,199,200,193,194,196,145,201,202],"class_list":{"0":"post-30301","1":"product","2":"type-product","3":"status-publish","4":"has-post-thumbnail","6":"product_cat-olio","7":"product_tag-azienda-agricola-elisabetta","8":"product_tag-cardo","9":"product_tag-cecina","10":"product_tag-estratto-a-freddo","11":"product_tag-evo","12":"product_tag-fruttato","13":"product_tag-maremma","14":"product_tag-olio-extra-vergine-di-oliva","15":"product_tag-olio-toscano","16":"product_tag-raccolta-a-mano","17":"product_tag-tenuta-elisabetta","18":"product_tag-vendita-olio","19":"product_tag-vendita-olio-toscano","20":"layout-4","21":"product-add-to-cart-ajax","23":"first","24":"instock","25":"shipping-taxable","26":"product-type-simple"},"yoast_head":"<!-- This site is optimized with the Yoast SEO plugin v27.2 - https:\/\/yoast.com\/product\/yoast-seo-wordpress\/ -->\n<title>Olio Extra Vergine di Oliva Toscano | Azienda Agricola Brunetti<\/title>\n<meta name=\"description\" content=\"Acquista il nostro Olio Extra Vergine di Oliva Toscano. Estratto a freddo da olive raccolte a mano a Cecina. Profumo di oliva fresca, gusto dolce e piacevolmente piccante.\" \/>\n<meta name=\"robots\" content=\"index, follow, max-snippet:-1, max-image-preview:large, max-video-preview:-1\" \/>\n<link rel=\"canonical\" href=\"https:\/\/www.tenutaelisabetta.it\/de\/prodotti\/olio-extra-vergine-di-oliva\/\" \/>\n<meta property=\"og:locale\" content=\"de_DE\" \/>\n<meta property=\"og:type\" content=\"article\" \/>\n<meta property=\"og:title\" content=\"Olio Extra Vergine di Oliva Toscano | Azienda Agricola Brunetti\" \/>\n<meta property=\"og:description\" content=\"Acquista il nostro Olio Extra Vergine di Oliva Toscano. Estratto a freddo da olive raccolte a mano a Cecina. Profumo di oliva fresca, gusto dolce e piacevolmente piccante.\" \/>\n<meta property=\"og:url\" content=\"https:\/\/www.tenutaelisabetta.it\/de\/prodotti\/olio-extra-vergine-di-oliva\/\" \/>\n<meta property=\"og:site_name\" content=\"Tenuta Elisabetta\" \/>\n<meta property=\"article:publisher\" content=\"https:\/\/www.facebook.com\/agrihotelelisabetta\/\" \/>\n<meta property=\"article:modified_time\" content=\"2026-03-30T08:40:20+00:00\" \/>\n<meta property=\"og:image\" content=\"https:\/\/www.tenutaelisabetta.it\/wp-content\/uploads\/2026\/03\/olio-extra-vergine-di-oliva-azienda-agricola-elisabetta.webp\" \/>\n\t<meta property=\"og:image:width\" content=\"1080\" \/>\n\t<meta property=\"og:image:height\" content=\"1080\" \/>\n\t<meta property=\"og:image:type\" content=\"image\/webp\" \/>\n<meta name=\"twitter:card\" content=\"summary_large_image\" \/>\n<meta name=\"twitter:label1\" content=\"Gesch\u00e4tzte Lesezeit\" \/>\n\t<meta name=\"twitter:data1\" content=\"2\u00a0Minuten\" \/>\n<script type=\"application\/ld+json\" class=\"yoast-schema-graph\">{\"@context\":\"https:\/\/schema.org\",\"@graph\":[{\"@type\":\"WebPage\",\"@id\":\"https:\/\/www.tenutaelisabetta.it\/prodotti\/olio-extra-vergine-di-oliva\/\",\"url\":\"https:\/\/www.tenutaelisabetta.it\/prodotti\/olio-extra-vergine-di-oliva\/\",\"name\":\"Olio Extra Vergine di Oliva Toscano | Azienda Agricola Brunetti\",\"isPartOf\":{\"@id\":\"https:\/\/www.tenutaelisabetta.it\/#website\"},\"primaryImageOfPage\":{\"@id\":\"https:\/\/www.tenutaelisabetta.it\/prodotti\/olio-extra-vergine-di-oliva\/#primaryimage\"},\"image\":{\"@id\":\"https:\/\/www.tenutaelisabetta.it\/prodotti\/olio-extra-vergine-di-oliva\/#primaryimage\"},\"thumbnailUrl\":\"https:\/\/www.tenutaelisabetta.it\/wp-content\/uploads\/2026\/03\/olio-extra-vergine-di-oliva-azienda-agricola-elisabetta.webp\",\"datePublished\":\"2026-03-30T08:32:52+00:00\",\"dateModified\":\"2026-03-30T08:40:20+00:00\",\"description\":\"Acquista il nostro Olio Extra Vergine di Oliva Toscano. Estratto a freddo da olive raccolte a mano a Cecina. Profumo di oliva fresca, gusto dolce e piacevolmente piccante.\",\"breadcrumb\":{\"@id\":\"https:\/\/www.tenutaelisabetta.it\/prodotti\/olio-extra-vergine-di-oliva\/#breadcrumb\"},\"inLanguage\":\"de\",\"potentialAction\":[{\"@type\":\"ReadAction\",\"target\":[\"https:\/\/www.tenutaelisabetta.it\/prodotti\/olio-extra-vergine-di-oliva\/\"]}]},{\"@type\":\"ImageObject\",\"inLanguage\":\"de\",\"@id\":\"https:\/\/www.tenutaelisabetta.it\/prodotti\/olio-extra-vergine-di-oliva\/#primaryimage\",\"url\":\"https:\/\/www.tenutaelisabetta.it\/wp-content\/uploads\/2026\/03\/olio-extra-vergine-di-oliva-azienda-agricola-elisabetta.webp\",\"contentUrl\":\"https:\/\/www.tenutaelisabetta.it\/wp-content\/uploads\/2026\/03\/olio-extra-vergine-di-oliva-azienda-agricola-elisabetta.webp\",\"width\":1080,\"height\":1080,\"caption\":\"Bottiglia di olio extra vergine di oliva prodotto dall'azienda agricola Elisabetta a Cecina, Toscana\"},{\"@type\":\"BreadcrumbList\",\"@id\":\"https:\/\/www.tenutaelisabetta.it\/prodotti\/olio-extra-vergine-di-oliva\/#breadcrumb\",\"itemListElement\":[{\"@type\":\"ListItem\",\"position\":1,\"name\":\"Home\",\"item\":\"https:\/\/www.tenutaelisabetta.it\/\"},{\"@type\":\"ListItem\",\"position\":2,\"name\":\"Shop\",\"item\":\"https:\/\/www.tenutaelisabetta.it\/shop\/\"},{\"@type\":\"ListItem\",\"position\":3,\"name\":\"Olio Extra Vergine di Oliva\"}]},{\"@type\":\"WebSite\",\"@id\":\"https:\/\/www.tenutaelisabetta.it\/#website\",\"url\":\"https:\/\/www.tenutaelisabetta.it\/\",\"name\":\"Tenuta Elisabetta\",\"description\":\"Agrihotel, Spa, Wellness Resort\",\"publisher\":{\"@id\":\"https:\/\/www.tenutaelisabetta.it\/#organization\"},\"potentialAction\":[{\"@type\":\"SearchAction\",\"target\":{\"@type\":\"EntryPoint\",\"urlTemplate\":\"https:\/\/www.tenutaelisabetta.it\/?s={search_term_string}\"},\"query-input\":{\"@type\":\"PropertyValueSpecification\",\"valueRequired\":true,\"valueName\":\"search_term_string\"}}],\"inLanguage\":\"de\"},{\"@type\":\"Organization\",\"@id\":\"https:\/\/www.tenutaelisabetta.it\/#organization\",\"name\":\"Tenuta Elisabetta\",\"url\":\"https:\/\/www.tenutaelisabetta.it\/\",\"logo\":{\"@type\":\"ImageObject\",\"inLanguage\":\"de\",\"@id\":\"https:\/\/www.tenutaelisabetta.it\/#\/schema\/logo\/image\/\",\"url\":\"https:\/\/www.tenutaelisabetta.it\/wp-content\/uploads\/2025\/07\/Tenuta-Elisabetta-logo.svg\",\"contentUrl\":\"https:\/\/www.tenutaelisabetta.it\/wp-content\/uploads\/2025\/07\/Tenuta-Elisabetta-logo.svg\",\"width\":419,\"height\":188,\"caption\":\"Tenuta Elisabetta\"},\"image\":{\"@id\":\"https:\/\/www.tenutaelisabetta.it\/#\/schema\/logo\/image\/\"},\"sameAs\":[\"https:\/\/www.facebook.com\/agrihotelelisabetta\/\",\"https:\/\/www.instagram.com\/agrihotelelisabetta\/\"]}]}<\/script>\n<!-- \/ Yoast SEO plugin. -->","yoast_head_json":{"title":"Olio Extra Vergine di Oliva Toscano | Azienda Agricola Brunetti","description":"Acquista il nostro Olio Extra Vergine di Oliva Toscano. Estratto a freddo da olive raccolte a mano a Cecina. Profumo di oliva fresca, gusto dolce e piacevolmente piccante.","robots":{"index":"index","follow":"follow","max-snippet":"max-snippet:-1","max-image-preview":"max-image-preview:large","max-video-preview":"max-video-preview:-1"},"canonical":"https:\/\/www.tenutaelisabetta.it\/de\/prodotti\/olio-extra-vergine-di-oliva\/","og_locale":"de_DE","og_type":"article","og_title":"Olio Extra Vergine di Oliva Toscano | Azienda Agricola Brunetti","og_description":"Acquista il nostro Olio Extra Vergine di Oliva Toscano. Estratto a freddo da olive raccolte a mano a Cecina. Profumo di oliva fresca, gusto dolce e piacevolmente piccante.","og_url":"https:\/\/www.tenutaelisabetta.it\/de\/prodotti\/olio-extra-vergine-di-oliva\/","og_site_name":"Tenuta Elisabetta","article_publisher":"https:\/\/www.facebook.com\/agrihotelelisabetta\/","article_modified_time":"2026-03-30T08:40:20+00:00","og_image":[{"width":1080,"height":1080,"url":"https:\/\/www.tenutaelisabetta.it\/wp-content\/uploads\/2026\/03\/olio-extra-vergine-di-oliva-azienda-agricola-elisabetta.webp","type":"image\/webp"}],"twitter_card":"summary_large_image","twitter_misc":{"Gesch\u00e4tzte Lesezeit":"2\u00a0Minuten"},"schema":{"@context":"https:\/\/schema.org","@graph":[{"@type":"WebPage","@id":"https:\/\/www.tenutaelisabetta.it\/prodotti\/olio-extra-vergine-di-oliva\/","url":"https:\/\/www.tenutaelisabetta.it\/prodotti\/olio-extra-vergine-di-oliva\/","name":"Olio Extra Vergine di Oliva Toscano | Azienda Agricola Brunetti","isPartOf":{"@id":"https:\/\/www.tenutaelisabetta.it\/#website"},"primaryImageOfPage":{"@id":"https:\/\/www.tenutaelisabetta.it\/prodotti\/olio-extra-vergine-di-oliva\/#primaryimage"},"image":{"@id":"https:\/\/www.tenutaelisabetta.it\/prodotti\/olio-extra-vergine-di-oliva\/#primaryimage"},"thumbnailUrl":"https:\/\/www.tenutaelisabetta.it\/wp-content\/uploads\/2026\/03\/olio-extra-vergine-di-oliva-azienda-agricola-elisabetta.webp","datePublished":"2026-03-30T08:32:52+00:00","dateModified":"2026-03-30T08:40:20+00:00","description":"Acquista il nostro Olio Extra Vergine di Oliva Toscano. Estratto a freddo da olive raccolte a mano a Cecina. Profumo di oliva fresca, gusto dolce e piacevolmente piccante.","breadcrumb":{"@id":"https:\/\/www.tenutaelisabetta.it\/prodotti\/olio-extra-vergine-di-oliva\/#breadcrumb"},"inLanguage":"de","potentialAction":[{"@type":"ReadAction","target":["https:\/\/www.tenutaelisabetta.it\/prodotti\/olio-extra-vergine-di-oliva\/"]}]},{"@type":"ImageObject","inLanguage":"de","@id":"https:\/\/www.tenutaelisabetta.it\/prodotti\/olio-extra-vergine-di-oliva\/#primaryimage","url":"https:\/\/www.tenutaelisabetta.it\/wp-content\/uploads\/2026\/03\/olio-extra-vergine-di-oliva-azienda-agricola-elisabetta.webp","contentUrl":"https:\/\/www.tenutaelisabetta.it\/wp-content\/uploads\/2026\/03\/olio-extra-vergine-di-oliva-azienda-agricola-elisabetta.webp","width":1080,"height":1080,"caption":"Bottiglia di olio extra vergine di oliva prodotto dall'azienda agricola Elisabetta a Cecina, Toscana"},{"@type":"BreadcrumbList","@id":"https:\/\/www.tenutaelisabetta.it\/prodotti\/olio-extra-vergine-di-oliva\/#breadcrumb","itemListElement":[{"@type":"ListItem","position":1,"name":"Home","item":"https:\/\/www.tenutaelisabetta.it\/"},{"@type":"ListItem","position":2,"name":"Shop","item":"https:\/\/www.tenutaelisabetta.it\/shop\/"},{"@type":"ListItem","position":3,"name":"Olio Extra Vergine di Oliva"}]},{"@type":"WebSite","@id":"https:\/\/www.tenutaelisabetta.it\/#website","url":"https:\/\/www.tenutaelisabetta.it\/","name":"Tenuta Elisabetta","description":"Agrihotel, Spa, Wellness Resort","publisher":{"@id":"https:\/\/www.tenutaelisabetta.it\/#organization"},"potentialAction":[{"@type":"SearchAction","target":{"@type":"EntryPoint","urlTemplate":"https:\/\/www.tenutaelisabetta.it\/?s={search_term_string}"},"query-input":{"@type":"PropertyValueSpecification","valueRequired":true,"valueName":"search_term_string"}}],"inLanguage":"de"},{"@type":"Organization","@id":"https:\/\/www.tenutaelisabetta.it\/#organization","name":"Tenuta Elisabetta","url":"https:\/\/www.tenutaelisabetta.it\/","logo":{"@type":"ImageObject","inLanguage":"de","@id":"https:\/\/www.tenutaelisabetta.it\/#\/schema\/logo\/image\/","url":"https:\/\/www.tenutaelisabetta.it\/wp-content\/uploads\/2025\/07\/Tenuta-Elisabetta-logo.svg","contentUrl":"https:\/\/www.tenutaelisabetta.it\/wp-content\/uploads\/2025\/07\/Tenuta-Elisabetta-logo.svg","width":419,"height":188,"caption":"Tenuta Elisabetta"},"image":{"@id":"https:\/\/www.tenutaelisabetta.it\/#\/schema\/logo\/image\/"},"sameAs":["https:\/\/www.facebook.com\/agrihotelelisabetta\/","https:\/\/www.instagram.com\/agrihotelelisabetta\/"]}]}},"_links":{"self":[{"href":"https:\/\/www.tenutaelisabetta.it\/de\/wp-json\/wp\/v2\/product\/30301","targetHints":{"allow":["GET"]}}],"collection":[{"href":"https:\/\/www.tenutaelisabetta.it\/de\/wp-json\/wp\/v2\/product"}],"about":[{"href":"https:\/\/www.tenutaelisabetta.it\/de\/wp-json\/wp\/v2\/types\/product"}],"version-history":[{"count":1,"href":"https:\/\/www.tenutaelisabetta.it\/de\/wp-json\/wp\/v2\/product\/30301\/revisions"}],"predecessor-version":[{"id":30303,"href":"https:\/\/www.tenutaelisabetta.it\/de\/wp-json\/wp\/v2\/product\/30301\/revisions\/30303"}],"wp:featuredmedia":[{"embeddable":true,"href":"https:\/\/www.tenutaelisabetta.it\/de\/wp-json\/wp\/v2\/media\/30302"}],"wp:attachment":[{"href":"https:\/\/www.tenutaelisabetta.it\/de\/wp-json\/wp\/v2\/media?parent=30301"}],"wp:term":[{"taxonomy":"product_brand","embeddable":true,"href":"https:\/\/www.tenutaelisabetta.it\/de\/wp-json\/wp\/v2\/product_brand?post=30301"},{"taxonomy":"product_cat","embeddable":true,"href":"https:\/\/www.tenutaelisabetta.it\/de\/wp-json\/wp\/v2\/product_cat?post=30301"},{"taxonomy":"product_tag","embeddable":true,"href":"https:\/\/www.tenutaelisabetta.it\/de\/wp-json\/wp\/v2\/product_tag?post=30301"}],"curies":[{"name":"wp","href":"https:\/\/api.w.org\/{rel}","templated":true}]}}